{"id":23420,"date":"2020-12-15T10:55:54","date_gmt":"2020-12-15T09:55:54","guid":{"rendered":"https:\/\/www.interbusinesschamber.com\/produit\/uriage-bebe-1ere-thermale-creme-hydratante-protectrice-bebe-40ml\/"},"modified":"2020-12-30T09:52:04","modified_gmt":"2020-12-30T08:52:04","slug":"uriage-bebe-1ere-thermale-creme-hydratante-protectrice-bebe-40ml","status":"publish","type":"product","link":"https:\/\/www.sopha-sahara.com\/en\/product\/uriage-bebe-1ere-thermale-creme-hydratante-protectrice-bebe-40ml\/","title":{"rendered":"URIAGE BEBE 1\u00c8RE THERMALE CR\u00c8ME HYDRATANTE &#8211; PROTECTRICE B\u00c9B\u00c9 40ML"},"content":{"rendered":"<div class=\"product-tabs\">\n<div class=\"title-border\">\n<h4 class=\"h2\">Conseils d'utilisation<\/h4>\n<\/div>\n<div class=\"std\">\n<p>Appliquer matin et soir sur le visage parfaitement nettoy\u00e9.<\/p>\n<\/div>\n<\/div>\n<div class=\"product-tabs\">\n<div class=\"title-border\">\n<h4 class=\"h2\">Composition<\/h4>\n<\/div>\n<div class=\"std\">\n<p>Formule INCI : Aqua (water), cetearyl ethylhexanoate, uriage thermal spring water, glycerin, butyrospermum parkii (shea butter), cetyl alcohol, hydrogenated, polyisobutene, glyceryl stearate, octyldodecyl pca, peg-100 stearate, polymethyl methacrylate, polysorbate 60, dimethicone, parfym (fragance), acrylates\/C10-30 alhyl acrylate polymer, chlorphenesin, piroctone olamine, tromethamine, xanthan gum, cymen-5-il, butylene glycol, centaurea cyanus flower water.<\/p>\n<\/div>\n<\/div>","protected":false},"excerpt":{"rendered":"<p>URIAGE BEBE<br \/>Eau thermale<br \/>1er cr\u00e8me hydratante<br \/>Hydrate, apaise et prot\u00e8ge<br \/>Visage<br \/>40ml<\/p>\n<p>Cette cr\u00e8me fondante assure aux tout-petits une peau parfaitement prot\u00e9g\u00e9e tout au long de la journ\u00e9e et un voile de douceur d\u00e9licatement parfum\u00e9.<\/p>\n<p><em>Hydrate<\/em><br \/>1\u00e8re Cr\u00e8me hydrate de fa\u00e7on optimale la peau sensible de l&rsquo;enfant gr\u00e2ce \u00e0 l&rsquo;Eau Thermale d&rsquo;Uriage et \u00e0 la Glyc\u00e9rine.<\/p>\n<p><em>Prot\u00e8ge<\/em><br \/>Elle associe tous les bienfaits de l\u2019Eau Thermale d\u2019Uriage, de la glyc\u00e9rine et de l\u2019eau de bleuet \u00e0 un actif protecteur original qui renforcent les d\u00e9fenses naturelles de la peau vis-\u00e0-vis des agressions ext\u00e9rieures.<\/p>\n<p>&nbsp;<\/p>","protected":false},"featured_media":23584,"template":"","meta":{"arc_restricted_post":false},"product_cat":[48,333],"product_tag":[],"_links":{"self":[{"href":"https:\/\/www.sopha-sahara.com\/en\/wp-json\/wp\/v2\/product\/23420"}],"collection":[{"href":"https:\/\/www.sopha-sahara.com\/en\/wp-json\/wp\/v2\/product"}],"about":[{"href":"https:\/\/www.sopha-sahara.com\/en\/wp-json\/wp\/v2\/types\/product"}],"wp:featuredmedia":[{"embeddable":true,"href":"https:\/\/www.sopha-sahara.com\/en\/wp-json\/wp\/v2\/media\/23584"}],"wp:attachment":[{"href":"https:\/\/www.sopha-sahara.com\/en\/wp-json\/wp\/v2\/media?parent=23420"}],"wp:term":[{"taxonomy":"product_cat","embeddable":true,"href":"https:\/\/www.sopha-sahara.com\/en\/wp-json\/wp\/v2\/product_cat?post=23420"},{"taxonomy":"product_tag","embeddable":true,"href":"https:\/\/www.sopha-sahara.com\/en\/wp-json\/wp\/v2\/product_tag?post=23420"}],"curies":[{"name":"wp","href":"https:\/\/api.w.org\/{rel}","templated":true}]}}