{"id":23326,"date":"2020-12-15T09:54:44","date_gmt":"2020-12-15T08:54:44","guid":{"rendered":"https:\/\/www.interbusinesschamber.com\/produit\/svr-xerial-peel-masque-exfoliant-pieds\/"},"modified":"2020-12-29T10:33:15","modified_gmt":"2020-12-29T09:33:15","slug":"svr-xerial-peel-masque-exfoliant-pieds","status":"publish","type":"product","link":"https:\/\/www.sopha-sahara.com\/en\/product\/svr-xerial-peel-masque-exfoliant-pieds\/","title":{"rendered":"SVR XERIAL PEEL &#8211; MASQUE EXFOLIANT PIEDS"},"content":{"rendered":"<h4>COMPOSITION:<\/h4>\n<p>Une boite contient 2 chaussettes taille 36-43.<\/p>\n<h4>CONSEILS D'UTILISATION<\/h4>\n<p>Porter les chaussettes pendant 1 heure puis rincer. 4 \u00e0 5 jours apr\u00e8s, les peaux mortes commencent \u00e0 se d\u00e9tacher naturellement.\u00a0<\/p>","protected":false},"excerpt":{"rendered":"<p>Sollicit\u00e9s en permanence et trop souvent ignor\u00e9s, les pieds sont d\u00e9laiss\u00e9s de la routine de soin. Par cons\u00e9quent, corne et callosit\u00e9s apparaissent. Afin d\u2019y rem\u00e9dier, les Laboratoires\u00a0<strong>SVR\u00a0<\/strong>innovent et cr\u00e9ent\u00a0<strong>X\u00e9rial Peel Masque Exfoliant Pieds<\/strong>, le 1er masque chaussettes exfoliant pour un effet peau neuve en une seule application. Fortement concentr\u00e9 en actifs \u00e9mollients et k\u00e9ratolytiques, il permet d\u2019exfolier et hydrater en profondeur. Sa technique d\u2019impr\u00e9gnation in\u00e9dite, aide \u00e0 cibler uniquement les zones \u00e9paissies et rugueuses du pied et \u00e0 pr\u00e9server les zones sensibles. Action radicale et rapide pour un effet peau neuve en moins de deux semaines.<\/p>\n<p>Une tr\u00e8s haute concentration en actifs dermatologiques pour hydrater et exfolier la peau\u00a0:<\/p>\n<p>&#8211; Complexe peeling intense + ur\u00e9e 15% : hydrate et exfolie de mani\u00e8re intense\u00a0;<br \/>&#8211; Des actifs v\u00e9g\u00e9taux hydratants et \u00e9mollients\u00a0: extraits de Cl\u00e9matite, Fucus, Lierre, Pr\u00e8le et Th\u00e9 vert.<\/p>","protected":false},"featured_media":23401,"template":"","meta":{"arc_restricted_post":false},"product_cat":[48,332],"product_tag":[],"_links":{"self":[{"href":"https:\/\/www.sopha-sahara.com\/en\/wp-json\/wp\/v2\/product\/23326"}],"collection":[{"href":"https:\/\/www.sopha-sahara.com\/en\/wp-json\/wp\/v2\/product"}],"about":[{"href":"https:\/\/www.sopha-sahara.com\/en\/wp-json\/wp\/v2\/types\/product"}],"wp:featuredmedia":[{"embeddable":true,"href":"https:\/\/www.sopha-sahara.com\/en\/wp-json\/wp\/v2\/media\/23401"}],"wp:attachment":[{"href":"https:\/\/www.sopha-sahara.com\/en\/wp-json\/wp\/v2\/media?parent=23326"}],"wp:term":[{"taxonomy":"product_cat","embeddable":true,"href":"https:\/\/www.sopha-sahara.com\/en\/wp-json\/wp\/v2\/product_cat?post=23326"},{"taxonomy":"product_tag","embeddable":true,"href":"https:\/\/www.sopha-sahara.com\/en\/wp-json\/wp\/v2\/product_tag?post=23326"}],"curies":[{"name":"wp","href":"https:\/\/api.w.org\/{rel}","templated":true}]}}