{"id":23325,"date":"2020-12-15T09:54:44","date_gmt":"2020-12-15T08:54:44","guid":{"rendered":"https:\/\/www.interbusinesschamber.com\/produit\/svr-hydracid-c20-creme-30ml\/"},"modified":"2020-12-31T11:12:30","modified_gmt":"2020-12-31T10:12:30","slug":"svr-hydracid-c20-creme-30ml","status":"publish","type":"product","link":"https:\/\/www.sopha-sahara.com\/en\/product\/svr-hydracid-c20-creme-30ml\/","title":{"rendered":"SVR HYDRACID C20 CREME 30ML"},"content":{"rendered":"<h4>Conseil d'utilisation<\/h4>\n<div class=\"specifications\">S'utilise le matin sur le visage, le cou et le d\u00e9collet\u00e9. Les produits que l\u2019on peut associer Hydracid Peel le soir. Avant l\u2019application d'Hydracid C20, nettoy\u00e9e la peau avec un gel liquide sans savon surgras comme Prov\u00e9gol Gel Surgras.<\/div>\n<h4>Composition<\/h4>\n<div class=\"specifications\">Vitamine C optimis\u00e9e 20%, Beurre de karit\u00e9, Sorbitol,Xilitol, Parfum. Emulsion H\/E.<\/div>","protected":false},"excerpt":{"rendered":"<div class=\"specifications\">On constate une diminution efficace du nombre et de la profondeur des rides, une peau plus souple, plus tonique, et un teint plus \u00e9clatant.<\/div>\n<p><strong>Fiche d\u00e9taill\u00e9e<\/strong><\/p>\n<div class=\"specifications\">Cr\u00e8me anti-age visage. Manque de tonicit\u00e9 et fermet\u00e9, irr\u00e9gularit\u00e9 du teint. Convient aussi au hommes. Avec sa concentration en vitamine C optimis\u00e9e tr\u00e8s \u00e9lev\u00e9e 20%, Hydracid C20 a une action anti-rides efficace et visible d\u00e8s 28 jours.<\/div>","protected":false},"featured_media":23350,"template":"","meta":{"arc_restricted_post":false},"product_cat":[48,332],"product_tag":[],"_links":{"self":[{"href":"https:\/\/www.sopha-sahara.com\/en\/wp-json\/wp\/v2\/product\/23325"}],"collection":[{"href":"https:\/\/www.sopha-sahara.com\/en\/wp-json\/wp\/v2\/product"}],"about":[{"href":"https:\/\/www.sopha-sahara.com\/en\/wp-json\/wp\/v2\/types\/product"}],"wp:featuredmedia":[{"embeddable":true,"href":"https:\/\/www.sopha-sahara.com\/en\/wp-json\/wp\/v2\/media\/23350"}],"wp:attachment":[{"href":"https:\/\/www.sopha-sahara.com\/en\/wp-json\/wp\/v2\/media?parent=23325"}],"wp:term":[{"taxonomy":"product_cat","embeddable":true,"href":"https:\/\/www.sopha-sahara.com\/en\/wp-json\/wp\/v2\/product_cat?post=23325"},{"taxonomy":"product_tag","embeddable":true,"href":"https:\/\/www.sopha-sahara.com\/en\/wp-json\/wp\/v2\/product_tag?post=23325"}],"curies":[{"name":"wp","href":"https:\/\/api.w.org\/{rel}","templated":true}]}}