{"id":23323,"date":"2020-12-15T09:54:43","date_gmt":"2020-12-15T08:54:43","guid":{"rendered":"https:\/\/www.interbusinesschamber.com\/produit\/svr-sebiaclear-gel-moussant-400ml\/"},"modified":"2020-12-29T11:26:41","modified_gmt":"2020-12-29T10:26:41","slug":"svr-sebiaclear-gel-moussant-400ml","status":"publish","type":"product","link":"https:\/\/www.sopha-sahara.com\/en\/product\/svr-sebiaclear-gel-moussant-400ml\/","title":{"rendered":"SVR SEBIACLEAR GEL MOUSSANT 400ML"},"content":{"rendered":"<h4 class=\"tabs-title\">Conseils d'utilisation<\/h4>\n<div class=\"std new-std\">\n<p>Appliquer sur peau mouill\u00e9e, faire mousser puis rincer.<br \/>Eviter le contact avec les yeux.<br \/>En cas de contact avec les yeux, rincer abondamment.\u00a0<\/p>\n<div class=\"wrap\">\n<div class=\"product-tabs\">\n<h4 class=\"tabs-title\">Composition<\/h4>\n<div class=\"std new-std\">\n<p>Formule INCI: Aqua (purified water), disodium laureth sulfosiccinate, coco-betaine, PEG-7 glyceryl cocoate, glycerin, sodium laureth sulfate, gluconolactone, PEG-120 methyl glucose dioleate, calcium gluconate, sarcosine, butylene glycol, lactic adic, pentylene glycol, sodium chloride, sodium hydroxide, xanthan gum, sodium benzoate, parfum (fragrance).<\/p>\n<p><em>Sans savon<\/em><br \/><em>Sans paraben<\/em><br \/><em>Hypoallerg\u00e9nique<\/em><br \/><em>Test\u00e9 sur peau \u00e0 tendance acn\u00e9ique.\u00a0<\/em><\/p>\n<\/div>\n<\/div>\n<\/div>\n<\/div>","protected":false},"excerpt":{"rendered":"<p>Gel moussant\u00a0Nettoyant sans savon ,Purifiant et d\u00e9sincrustant<br \/>Peaux grasses et sensibles<br \/>Visage et corps<br \/>Sans alcool<br \/>Sans colorant<br \/>Sans paraben<\/p>\n<p>Sa mousse onctueuse nettoie et purifie la peau sans dess\u00e9cher, \u00e9limine les impuret\u00e9s et les exc\u00e8s de s\u00e9bum et d\u00e9sincruste les pores.<br \/>Parfaitement nette, la peau est fra\u00eeche et matifi\u00e9e.<\/p>","protected":false},"featured_media":23361,"template":"","meta":{"arc_restricted_post":false},"product_cat":[48,332],"product_tag":[],"_links":{"self":[{"href":"https:\/\/www.sopha-sahara.com\/en\/wp-json\/wp\/v2\/product\/23323"}],"collection":[{"href":"https:\/\/www.sopha-sahara.com\/en\/wp-json\/wp\/v2\/product"}],"about":[{"href":"https:\/\/www.sopha-sahara.com\/en\/wp-json\/wp\/v2\/types\/product"}],"wp:featuredmedia":[{"embeddable":true,"href":"https:\/\/www.sopha-sahara.com\/en\/wp-json\/wp\/v2\/media\/23361"}],"wp:attachment":[{"href":"https:\/\/www.sopha-sahara.com\/en\/wp-json\/wp\/v2\/media?parent=23323"}],"wp:term":[{"taxonomy":"product_cat","embeddable":true,"href":"https:\/\/www.sopha-sahara.com\/en\/wp-json\/wp\/v2\/product_cat?post=23323"},{"taxonomy":"product_tag","embeddable":true,"href":"https:\/\/www.sopha-sahara.com\/en\/wp-json\/wp\/v2\/product_tag?post=23323"}],"curies":[{"name":"wp","href":"https:\/\/api.w.org\/{rel}","templated":true}]}}