{"id":23322,"date":"2020-12-15T09:54:43","date_gmt":"2020-12-15T08:54:43","guid":{"rendered":"https:\/\/www.interbusinesschamber.com\/produit\/svr-sensifine-dermo-nettoyant-200ml\/"},"modified":"2020-12-29T11:11:52","modified_gmt":"2020-12-29T10:11:52","slug":"svr-sensifine-dermo-nettoyant-200ml","status":"publish","type":"product","link":"https:\/\/www.sopha-sahara.com\/en\/product\/svr-sensifine-dermo-nettoyant-200ml\/","title":{"rendered":"SVR SENSIFINE DERMO NETTOYANT 200ML"},"content":{"rendered":"<div><strong>CONSEILS D'UTILISATION :<\/strong><\/div>\n<div>\n<div>Appliquer du bout des doigts en massant d\u00e9licatement, puis tamponner avec un coton sans frotter. Avec ou sans rin\u00e7age.<\/div>\n<\/div>","protected":false},"excerpt":{"rendered":"<div>D\u00e9velopp\u00e9e avec un dermato-allergologue, Sensifine est la gamme compl\u00e8te et sans compromis pour les peaux r\u00e9actives intol\u00e9rantes \u00e0 poly-allergiques.<\/div>\n<div>\u00a0<\/div>\n<div>Sensifine dermo-nettoyant nettoie, d\u00e9maquille et soulage en un seul geste et sans frotter. Id\u00e9al pour le d\u00e9maquillage du visage, des yeux et des l\u00e8vres, ce gel-cr\u00e8me frais et fondant d\u00e9maquille, du bout des doigts ou \u00e0 l\u2019aide d\u2019un coton, les peaux les plus intol\u00e9rantes.<\/div>","protected":false},"featured_media":23371,"template":"","meta":{"arc_restricted_post":false},"product_cat":[48,332],"product_tag":[],"_links":{"self":[{"href":"https:\/\/www.sopha-sahara.com\/en\/wp-json\/wp\/v2\/product\/23322"}],"collection":[{"href":"https:\/\/www.sopha-sahara.com\/en\/wp-json\/wp\/v2\/product"}],"about":[{"href":"https:\/\/www.sopha-sahara.com\/en\/wp-json\/wp\/v2\/types\/product"}],"wp:featuredmedia":[{"embeddable":true,"href":"https:\/\/www.sopha-sahara.com\/en\/wp-json\/wp\/v2\/media\/23371"}],"wp:attachment":[{"href":"https:\/\/www.sopha-sahara.com\/en\/wp-json\/wp\/v2\/media?parent=23322"}],"wp:term":[{"taxonomy":"product_cat","embeddable":true,"href":"https:\/\/www.sopha-sahara.com\/en\/wp-json\/wp\/v2\/product_cat?post=23322"},{"taxonomy":"product_tag","embeddable":true,"href":"https:\/\/www.sopha-sahara.com\/en\/wp-json\/wp\/v2\/product_tag?post=23322"}],"curies":[{"name":"wp","href":"https:\/\/api.w.org\/{rel}","templated":true}]}}