{"id":23321,"date":"2020-12-15T09:54:43","date_gmt":"2020-12-15T08:54:43","guid":{"rendered":"https:\/\/www.interbusinesschamber.com\/produit\/svr-sebiaclear-serum-30-ml\/"},"modified":"2020-12-29T11:20:13","modified_gmt":"2020-12-29T10:20:13","slug":"svr-sebiaclear-serum-30-ml","status":"publish","type":"product","link":"https:\/\/www.sopha-sahara.com\/en\/product\/svr-sebiaclear-serum-30-ml\/","title":{"rendered":"SVR SEBIACLEAR SERUM 30 ML"},"content":{"rendered":"","protected":false},"excerpt":{"rendered":"<p>Correcteur global anti-imperfections, marques, rides.<\/p>\n<p>SEBIACLEAR S\u00e9rum est le nouveau soin quotidien des peaux adultes \u00e0 tendance acn\u00e9ique.<\/p>\n<p>Sa formule hautement concentr\u00e9e en actifs de r\u00e9f\u00e9rences, offre une triple action\u00a0: anti-imperfections, marques et rides. Imperfections et marques diminu\u00e9es d\u00e8s 7 jours. La peau est liss\u00e9e, repulp\u00e9e et prot\u00e9g\u00e9e contre les agressions ext\u00e9rieures. Sa texture hydratante, fraiche et fondante offre un fini mat imm\u00e9diat.<\/p>","protected":false},"featured_media":23364,"template":"","meta":{"arc_restricted_post":false},"product_cat":[48,332],"product_tag":[],"_links":{"self":[{"href":"https:\/\/www.sopha-sahara.com\/en\/wp-json\/wp\/v2\/product\/23321"}],"collection":[{"href":"https:\/\/www.sopha-sahara.com\/en\/wp-json\/wp\/v2\/product"}],"about":[{"href":"https:\/\/www.sopha-sahara.com\/en\/wp-json\/wp\/v2\/types\/product"}],"wp:featuredmedia":[{"embeddable":true,"href":"https:\/\/www.sopha-sahara.com\/en\/wp-json\/wp\/v2\/media\/23364"}],"wp:attachment":[{"href":"https:\/\/www.sopha-sahara.com\/en\/wp-json\/wp\/v2\/media?parent=23321"}],"wp:term":[{"taxonomy":"product_cat","embeddable":true,"href":"https:\/\/www.sopha-sahara.com\/en\/wp-json\/wp\/v2\/product_cat?post=23321"},{"taxonomy":"product_tag","embeddable":true,"href":"https:\/\/www.sopha-sahara.com\/en\/wp-json\/wp\/v2\/product_tag?post=23321"}],"curies":[{"name":"wp","href":"https:\/\/api.w.org\/{rel}","templated":true}]}}