{"id":23320,"date":"2020-12-15T09:54:43","date_gmt":"2020-12-15T08:54:43","guid":{"rendered":"https:\/\/www.interbusinesschamber.com\/produit\/svr-cicavit-creme-40-ml\/"},"modified":"2020-12-29T12:08:12","modified_gmt":"2020-12-29T11:08:12","slug":"svr-cicavit-creme-40-ml","status":"publish","type":"product","link":"https:\/\/www.sopha-sahara.com\/en\/product\/svr-cicavit-creme-40-ml\/","title":{"rendered":"SVR CICAVIT + CREME 40 ML"},"content":{"rendered":"","protected":false},"excerpt":{"rendered":"<p><strong>Peau irrit\u00e9e, abim\u00e9e, fragilis\u00e9e ?<\/strong>\u00a0Quotidiennement, la peau de toute la famille subit des agressions entrainant irritations et inconforts, affectant aussi bien le corps que les zones fragiles du visage ou des muqueuses externes :<br \/>&#8211; S\u00e9cheresse, rougeurs<br \/>&#8211; Ger\u00e7ures, \u00e9corchures<br \/>&#8211; Rougeurs du si\u00e8ge<br \/>&#8211; Tatouage, post-actes dermatologiques (peeling)<br \/>&#8211; Echauffements, coups de soleil<br \/>&#8211; Epilation, rasage<\/p>","protected":false},"featured_media":23330,"template":"","meta":{"arc_restricted_post":false},"product_cat":[48,332],"product_tag":[],"_links":{"self":[{"href":"https:\/\/www.sopha-sahara.com\/en\/wp-json\/wp\/v2\/product\/23320"}],"collection":[{"href":"https:\/\/www.sopha-sahara.com\/en\/wp-json\/wp\/v2\/product"}],"about":[{"href":"https:\/\/www.sopha-sahara.com\/en\/wp-json\/wp\/v2\/types\/product"}],"wp:featuredmedia":[{"embeddable":true,"href":"https:\/\/www.sopha-sahara.com\/en\/wp-json\/wp\/v2\/media\/23330"}],"wp:attachment":[{"href":"https:\/\/www.sopha-sahara.com\/en\/wp-json\/wp\/v2\/media?parent=23320"}],"wp:term":[{"taxonomy":"product_cat","embeddable":true,"href":"https:\/\/www.sopha-sahara.com\/en\/wp-json\/wp\/v2\/product_cat?post=23320"},{"taxonomy":"product_tag","embeddable":true,"href":"https:\/\/www.sopha-sahara.com\/en\/wp-json\/wp\/v2\/product_tag?post=23320"}],"curies":[{"name":"wp","href":"https:\/\/api.w.org\/{rel}","templated":true}]}}