{"id":23319,"date":"2020-12-15T09:54:43","date_gmt":"2020-12-15T08:54:43","guid":{"rendered":"https:\/\/www.interbusinesschamber.com\/produit\/svr-cicavit-creme-apaisante-100ml\/"},"modified":"2020-12-29T12:02:29","modified_gmt":"2020-12-29T11:02:29","slug":"svr-cicavit-creme-apaisante-100ml","status":"publish","type":"product","link":"https:\/\/www.sopha-sahara.com\/en\/product\/svr-cicavit-creme-apaisante-100ml\/","title":{"rendered":"SVR CICAVIT + CR\u00c8ME APAISANTE 100ML"},"content":{"rendered":"<p><strong>FORMULE :<\/strong><\/p>\n<div>\n<p>Peaux sensibles ab\u00eem\u00e9es, affaiblies et irrit\u00e9es<\/p>\n<p>B\u00e9b\u00e9s de naissance, enfants, adultes<\/p>\n<p>Visage, corps, plis, muqueuses externes<\/p>\n<p>Test\u00e9 sous contr\u00f4le dermatologique, p\u00e9diatrique et gyn\u00e9cologique<\/p>\n<p>0 % de parabens, parfum, conservateurs, colorants, huile min\u00e9rale<\/p>\n<p>Hypoallerg\u00e9nique<\/p>\n<p>Texture cr\u00e8me fondante et protectrice<\/p>\n<p>Rapidement absorb\u00e9 sans fini gras ou collant. Vous permet de vous habiller imm\u00e9diatement apr\u00e8s l'application. Ne laisse pas de traces blanches.<\/p>\n<p>PRINCIPAUX INGR\u00c9DIENTS DERMATOLOGIQUES ACTIFS DANS LES CONCENTRATIONS LES PLUS \u00c9LEV\u00c9ES *<\/p>\n<p>LA CONCENTRATION LA PLUS \u00c9LEV\u00c9E * DE COMPLEXES MICRO-R\u00c9PARANTS ACTIFS R\u00c9G\u00c9N\u00c9RANTS ET APAISANTS (43%)<\/p>\n<p>Actif r\u00e9parateur stimulant le modelage de la peau<\/p>\n<p>+ Acc\u00e9l\u00e8re la r\u00e9paration de la peau x7 **<\/p>\n<p>+ Apaisant &amp; anti-taches<\/p>\n<\/div>\n<p><strong>CONSEILS D'UTILISATION :<\/strong><\/p>\n<p>Appliquez sur les zones affect\u00e9es propres et s\u00e8ches deux fois par jour jusqu'\u00e0 r\u00e9paration compl\u00e8te.<\/p>","protected":false},"excerpt":{"rendered":"<p>La premi\u00e8re * cr\u00e8me quotidienne SOS qui acc\u00e9l\u00e8re la r\u00e9paration de la peau x 7 ** et apaise intens\u00e9ment les peaux endommag\u00e9es et irrit\u00e9es pour toute la famille.<\/p>\n<p>Et ce n\u2019est pas tout: une efficacit\u00e9 prouv\u00e9e contre les taches et les rougeurs, combin\u00e9e \u00e0 une action anti-d\u00e9mangeaisons et anti-irritation renforc\u00e9e .<\/p>\n<p>B\u00e9b\u00e9s d\u00e8s la naissance, enfants, adultes \u25cf Visage, corps, plis, muqueuses externes<\/p>\n<div>\n<p>Peau irrit\u00e9e, endommag\u00e9e, affaiblie? Chaque jour, la peau de toute la famille est soumise \u00e0 des agressions provoquant irritation et inconfort, affectant le corps, les zones fragiles du visage et les muqueuses externes:<\/p>\n<p>&#8211; s\u00e9cheresse, rougeur<\/p>\n<p>&#8211; Chapping, p\u00e2ture<\/p>\n<p>&#8211; \u00e9ryth\u00e8me fessier<\/p>\n<p>&#8211; Tatouages, proc\u00e9dures post-dermatologiques (peelings)<\/p>\n<p>&#8211; surchauffe, coup de soleil<\/p>\n<p>&#8211; \u00c9pilation \u00e0 la cire, rasage<\/p>\n<p>&#8211; etc.<\/p>\n<\/div>","protected":false},"featured_media":23410,"template":"","meta":{"arc_restricted_post":false},"product_cat":[48,332],"product_tag":[],"_links":{"self":[{"href":"https:\/\/www.sopha-sahara.com\/en\/wp-json\/wp\/v2\/product\/23319"}],"collection":[{"href":"https:\/\/www.sopha-sahara.com\/en\/wp-json\/wp\/v2\/product"}],"about":[{"href":"https:\/\/www.sopha-sahara.com\/en\/wp-json\/wp\/v2\/types\/product"}],"wp:featuredmedia":[{"embeddable":true,"href":"https:\/\/www.sopha-sahara.com\/en\/wp-json\/wp\/v2\/media\/23410"}],"wp:attachment":[{"href":"https:\/\/www.sopha-sahara.com\/en\/wp-json\/wp\/v2\/media?parent=23319"}],"wp:term":[{"taxonomy":"product_cat","embeddable":true,"href":"https:\/\/www.sopha-sahara.com\/en\/wp-json\/wp\/v2\/product_cat?post=23319"},{"taxonomy":"product_tag","embeddable":true,"href":"https:\/\/www.sopha-sahara.com\/en\/wp-json\/wp\/v2\/product_tag?post=23319"}],"curies":[{"name":"wp","href":"https:\/\/api.w.org\/{rel}","templated":true}]}}