{"id":23318,"date":"2020-12-15T09:54:43","date_gmt":"2020-12-15T08:54:43","guid":{"rendered":"https:\/\/www.interbusinesschamber.com\/produit\/svr-clairial-cible-poudre-concentree-taches-localisees\/"},"modified":"2020-12-29T11:58:55","modified_gmt":"2020-12-29T10:58:55","slug":"svr-clairial-cible-poudre-concentree-taches-localisees","status":"publish","type":"product","link":"https:\/\/www.sopha-sahara.com\/en\/product\/svr-clairial-cible-poudre-concentree-taches-localisees\/","title":{"rendered":"SVR CLAIRIAL CIBLE POUDRE CONCENTR\u00c9E TACHES LOCALIS\u00c9ES"},"content":{"rendered":"<div class=\"product__tab expanded\" data-drawer-container=\"\">\n<h4 class=\"product__tab-header\">Comment \u00e7a marche ?<\/h4>\n<div class=\"product__tab-content\" data-drawer-content=\"\">\n<p>ACTIFS DERMATOLOGIQUES DE R\u00c9F\u00c9RENCE \u00c0 LA PLUS HAUTE CONCENTRATION(1)<br \/>Un complexe correcteur cibl\u00e9 concentr\u00e9 \u00e0 17% pour une action d\u00e9pigmentante optimale sur les taches localis\u00e9es :<\/p>\n<p>1. FORMULE D\u00c9PIGMENTANTE<br \/>\u2022 D\u00e9riv\u00e9 de f\u00e9rulate : d\u00e9pigmentant, mim\u00e9tise la blancheur palmo-plantaire<br \/>\u2022 Micro-organisme marin : agit sur la vascularisation pour une efficacit\u00e9 anti-r\u00e9cidive des taches<\/p>\n<p>2. BOOSTER D\u00c9PIGMENTANT<br \/>\u2022 Complexe k\u00e9ratolytique (X-pressin C + Gluconolactone) : pour resurfacer la peau et r\u00e9duire la tache.\u00a0<\/p>\n<p>3. VITAMINE C STABILIS\u00c9E A 2%<br \/>Action \u00e9claircissante et anti-oxydante, activation de l\u2019\u00e9clat et unification du teint<\/p>\n<p>&nbsp;<\/p>\n<\/div>\n<\/div>\n<div class=\"product__tab expanded\" data-drawer-container=\"\">\n<h4 class=\"product__tab-header\">Comment l'utiliser ?<\/h4>\n<div class=\"product__tab-content\" data-drawer-content=\"\">\n<p>1. D\u00e9poser \u00e0 l\u2019aide de la pipette une dose de CLAIRIAL CIBLE sur le doigt ou au creux de la main.<\/p>\n<p>2. Appliquer sur les taches localis\u00e9es en massant. Imm\u00e9diatement, la poudre se transforme pour lib\u00e9rer les actifs de mani\u00e8re cibl\u00e9e !<\/p>\n<p>3. R\u00e9p\u00e9ter la gestuelle sur l\u2019ensemble des taches (visage, mains, d\u00e9collet\u00e9\u2026).<\/p>\n<p>Vous pouvez compl\u00e9ter votre routine anti-taches avec le CLAIRIAL SERUM et CLAIRIAL CREME 10.<\/p>\n<p>Lire attentivement la notice.\u00a0<\/p>\n<\/div>\n<\/div>","protected":false},"excerpt":{"rendered":"<p>Pour toutes les peaux sensibles. Taches pigmentaires fonc\u00e9es localis\u00e9es. Visage, d\u00e9collet\u00e9, mains.<\/p>\n<p>Clairial Cible est une poudre super concentr\u00e9e qui s\u2019utilise sur les taches pigmentaires fonc\u00e9es. La texture poudre permet d\u2019int\u00e9grer une tr\u00e8s haute concentration d\u2019actifs d\u00e9pigmentants (17%) pour d\u00e9livrer une efficacit\u00e9 imm\u00e9diate et durable sur les taches les plus visibles. Jour apr\u00e8s jour, les taches s\u2019att\u00e9nuent pour une peau unifi\u00e9e.<\/p>\n<p>+ La texture poudre qui se transforme en cr\u00e8me au contact de la peau pour un ciblage pr\u00e9cis<\/p>","protected":false},"featured_media":23334,"template":"","meta":{"arc_restricted_post":false},"product_cat":[48,332],"product_tag":[],"_links":{"self":[{"href":"https:\/\/www.sopha-sahara.com\/en\/wp-json\/wp\/v2\/product\/23318"}],"collection":[{"href":"https:\/\/www.sopha-sahara.com\/en\/wp-json\/wp\/v2\/product"}],"about":[{"href":"https:\/\/www.sopha-sahara.com\/en\/wp-json\/wp\/v2\/types\/product"}],"wp:featuredmedia":[{"embeddable":true,"href":"https:\/\/www.sopha-sahara.com\/en\/wp-json\/wp\/v2\/media\/23334"}],"wp:attachment":[{"href":"https:\/\/www.sopha-sahara.com\/en\/wp-json\/wp\/v2\/media?parent=23318"}],"wp:term":[{"taxonomy":"product_cat","embeddable":true,"href":"https:\/\/www.sopha-sahara.com\/en\/wp-json\/wp\/v2\/product_cat?post=23318"},{"taxonomy":"product_tag","embeddable":true,"href":"https:\/\/www.sopha-sahara.com\/en\/wp-json\/wp\/v2\/product_tag?post=23318"}],"curies":[{"name":"wp","href":"https:\/\/api.w.org\/{rel}","templated":true}]}}