{"id":23317,"date":"2020-12-15T09:54:43","date_gmt":"2020-12-15T08:54:43","guid":{"rendered":"https:\/\/www.interbusinesschamber.com\/produit\/svr-densitium-bi-serum-2x15ml\/"},"modified":"2020-12-29T11:55:34","modified_gmt":"2020-12-29T10:55:34","slug":"svr-densitium-bi-serum-2x15ml","status":"publish","type":"product","link":"https:\/\/www.sopha-sahara.com\/en\/product\/svr-densitium-bi-serum-2x15ml\/","title":{"rendered":"SVR DENSITIUM BI-SERUM 2X15ML"},"content":{"rendered":"<div class=\"product-tabs\">\n<div class=\"title-border\">\n<h4 class=\"h2\">Conseils d'utilisation<\/h4>\n<\/div>\n<div class=\"std\">\n<p>Exercer une pression sur le bouton, puis m\u00e9langer les deux formules dans le creux de la main.<br \/>Appliquer matin et soir sur le visage et le cou seul ou avant votre cr\u00e8me.<\/p>\n<\/div>\n<\/div>\n<div class=\"product-tabs\">\n<div class=\"title-border\">\n<h4 class=\"h2\">Composition<\/h4>\n<\/div>\n<div class=\"std\">\n<p>Formule INCI:\u00a0Hydroxypropyl starch phosphate,argania spinosa kernel oil,\u00a0bixa orellana seed extract, borago officinalis seed oil, glycine soja\u00a0(soybean) oil, glycolipids, glycosphingolipids, lavandula stoechas extract, leontopodium alpinum callus culture extract, lupinus albus seed extract, oenothera biennis (evening primrose) oil,\u00a0sesamum indicum (sesame) oil unsaponifiables, artemisia abrotanum extract, calcium pca, glycerin,\u00a0hyaluronic acid, saccharide isomerate, tocopherol,\u00a01,2-hexanediol, acacia senegal gum, butylene glycol,\u00a0caprylic\/capric triglyceride, caprylyl glycol, citric acid,\u00a0pentylene glycol, sodium citrate, xanthan gum, alpha-isomethyl ionone, citronellol,\u00a0d-limonene, linalool, parfum (fragrance).<\/p>\n<\/div>\n<\/div>","protected":false},"excerpt":{"rendered":"<p>Bi-s\u00e9rum anti-gravit\u00e9 densit\u00e9 et nutrition intense<br \/>S\u00e9rum aqua-g\u00e9lifi\u00e9 + huiles relipidantes<br \/>Peaux matures<br \/>2X15ml<\/p>\n<p>2 formules distinctes pour une concentration record.\u00a0<br \/>Rel\u00e2chement cutan\u00e9, perte de densit\u00e9, de volume, rides install\u00e9es.\u00a0<br \/>Plus puissant qu&rsquo;un simple s\u00e9rum, une double formule pour une concentration record en actifs dermatologiques anti-\u00e2ge.<\/p>\n<p>1 S\u00e9rum aqua-g\u00e9lifi\u00e9 redensifiant &amp; anti-gravit\u00e9:<br \/>Pour une action sur les contours du visage et les volumes.\u00a0<br \/>Jour apr\u00e8s jour, la peau est redensifi\u00e9e, les pomettes r\u00e9hauss\u00e9es, l&rsquo;ovale redessin\u00e9.\u00a0<br \/>Il agit sur le double menton.<\/p>\n<p>2 S\u00e9rum nutritif \u00e9clat &amp; anti-rides:<br \/>Compos\u00e9 de 4 huiles relipidantes pour une action en surface.<br \/>Nourrie, la peau est plus lisse et plus lumineuse.<br \/>Les rides sont estomp\u00e9es.<br \/>Texture sensorielle \u00e0 effet galbant qui procure confort et souplesse.<\/p>","protected":false},"featured_media":23340,"template":"","meta":{"arc_restricted_post":false},"product_cat":[48,332],"product_tag":[],"_links":{"self":[{"href":"https:\/\/www.sopha-sahara.com\/en\/wp-json\/wp\/v2\/product\/23317"}],"collection":[{"href":"https:\/\/www.sopha-sahara.com\/en\/wp-json\/wp\/v2\/product"}],"about":[{"href":"https:\/\/www.sopha-sahara.com\/en\/wp-json\/wp\/v2\/types\/product"}],"wp:featuredmedia":[{"embeddable":true,"href":"https:\/\/www.sopha-sahara.com\/en\/wp-json\/wp\/v2\/media\/23340"}],"wp:attachment":[{"href":"https:\/\/www.sopha-sahara.com\/en\/wp-json\/wp\/v2\/media?parent=23317"}],"wp:term":[{"taxonomy":"product_cat","embeddable":true,"href":"https:\/\/www.sopha-sahara.com\/en\/wp-json\/wp\/v2\/product_cat?post=23317"},{"taxonomy":"product_tag","embeddable":true,"href":"https:\/\/www.sopha-sahara.com\/en\/wp-json\/wp\/v2\/product_tag?post=23317"}],"curies":[{"name":"wp","href":"https:\/\/api.w.org\/{rel}","templated":true}]}}