{"id":23315,"date":"2020-12-15T09:54:42","date_gmt":"2020-12-15T08:54:42","guid":{"rendered":"https:\/\/www.interbusinesschamber.com\/produit\/svr-topialyse-palpebral-cc-creme-anti-cernes-medium-7g\/"},"modified":"2020-12-29T12:23:04","modified_gmt":"2020-12-29T11:23:04","slug":"svr-topialyse-palpebral-cc-creme-anti-cernes-medium-7g","status":"publish","type":"product","link":"https:\/\/www.sopha-sahara.com\/en\/product\/svr-topialyse-palpebral-cc-creme-anti-cernes-medium-7g\/","title":{"rendered":"SVR TOPIALYSE PALPEBRAL CC CR\u00c8ME ANTI-CERNES MEDIUM 7G"},"content":{"rendered":"<h4>conseils d'utilisation<\/h4>\n<p>indications possibles :<\/p>\n<p>1. masquer les<strong> cer<\/strong>nes des yeux hypersensibles : appliquer sur les cernes &amp; les zones d\u2019ombre.<\/p>\n<p>2. camoufler les rougeurs et apaiser les yeux irrit\u00e9s : appliquer sur tout le contour de l\u2019\u0153il paupi\u00e8res comprises.<\/p>\n<p>une gestuelle experte :<\/p>\n<p>1. appliquer le produit avec l\u2019embout en exer\u00e7ant 3 points de pressions pour activer la microcirculation et agir sur les cernes.<\/p>\n<p>2. avec l\u2019embout effectuer un mouvement lissant de l\u2019int\u00e9rieur de l\u2019\u0153il vers l\u2019ext\u00e9rieur de l\u2019\u0153il afin de lisser les rides et ridules et d'att\u00e9nuer les poches.<\/p>\n<p>composition<\/p>\n<p>formule inci : aqua (purified water) dimethicone zinc oxide (nano) ci 77891 propanediol peg-10 dimethicone titanium dioxide (nano) boron nitride butylene glycol orbinga oleifera seed oil magnesium sulfate polyhydroxystearic acid cetearyl dimethicone peg\/ppg-18\/18 dimethicone butyrospermum parki (shea) butter saccharide isomerate sodium hyaluronate tocopheryl acetate 1-2 hexanediol alumina c12-16 alcohols caprylyl glycol citric acid dimethicone vinyl\/dimethicone ethloxy glucoside gossypium herbaceum (cotton) seed oil hydrogenated lecithin palmitic acid pentylene glycol sodium citrate stearic acid triethoxycaprylsilane ci 77491 ci 77491 ci 77499.<\/p>\n<p>existe en 2 teintes pour s\u2019adapter \u00e0 toutes les carnations : light et medium.\u00a0<br \/>ne file pas au cours de la journ\u00e9e.<br \/>ne marque pas les rides.<\/p>","protected":false},"excerpt":{"rendered":"<p>topialyse<br \/>palp\u00e9bral<br \/>cr\u00e8me anti-cernes<br \/>anti-irritations longue tenue<br \/>contour des yeux et paupi\u00e8res sensibles secs \u00e0 irrit\u00e9s<br \/>couleur medium<br \/>spf 20<br \/>7g<\/p>\n<p>cr\u00e8me anti-cernes anti-irritations longue tenue paupi\u00e8res et contours des yeux sensibles secs irrit\u00e9s &#8211; cernes et poches<br \/>in\u00e9dit : topialyse palp\u00e9bral n\u00b01 des soins et contours des yeux prescrits par les dermatologues se d\u00e9cline en : topialyse palpebral cc le 1er anti-cernes haute couvrance spf20 qui corrige et masque irritations rougeurs et cernes imm\u00e9diatement et pour longtemps !<br \/>topialyse palp\u00e9bral cc c\u2019est la nouvelle g\u00e9n\u00e9ration de cc* pour les yeux qui allie la couvrance d\u2019un anti-cernes tenue 12h1 \u00e0 l\u2019efficacit\u00e9 d\u2019un soin apaisant et hydratant 12h2 tout en prot\u00e9geant cette zone fragile des m\u00e9faits des uv.<br \/>le r\u00e9sultat ? en un seul geste le regard est repos\u00e9 unifi\u00e9 il s\u2019\u00e9veille.<\/p>","protected":false},"featured_media":23394,"template":"","meta":{"arc_restricted_post":false},"product_cat":[48,332],"product_tag":[],"_links":{"self":[{"href":"https:\/\/www.sopha-sahara.com\/en\/wp-json\/wp\/v2\/product\/23315"}],"collection":[{"href":"https:\/\/www.sopha-sahara.com\/en\/wp-json\/wp\/v2\/product"}],"about":[{"href":"https:\/\/www.sopha-sahara.com\/en\/wp-json\/wp\/v2\/types\/product"}],"wp:featuredmedia":[{"embeddable":true,"href":"https:\/\/www.sopha-sahara.com\/en\/wp-json\/wp\/v2\/media\/23394"}],"wp:attachment":[{"href":"https:\/\/www.sopha-sahara.com\/en\/wp-json\/wp\/v2\/media?parent=23315"}],"wp:term":[{"taxonomy":"product_cat","embeddable":true,"href":"https:\/\/www.sopha-sahara.com\/en\/wp-json\/wp\/v2\/product_cat?post=23315"},{"taxonomy":"product_tag","embeddable":true,"href":"https:\/\/www.sopha-sahara.com\/en\/wp-json\/wp\/v2\/product_tag?post=23315"}],"curies":[{"name":"wp","href":"https:\/\/api.w.org\/{rel}","templated":true}]}}