{"id":23312,"date":"2020-12-15T09:54:42","date_gmt":"2020-12-15T08:54:42","guid":{"rendered":"https:\/\/www.interbusinesschamber.com\/produit\/svr-sensifine-fluide-dermo-apaisant-peaux-intolerantes-et-poly-allergiques-40-ml\/"},"modified":"2020-12-29T11:09:52","modified_gmt":"2020-12-29T10:09:52","slug":"svr-sensifine-fluide-dermo-apaisant-peaux-intolerantes-et-poly-allergiques-40-ml","status":"publish","type":"product","link":"https:\/\/www.sopha-sahara.com\/en\/product\/svr-sensifine-fluide-dermo-apaisant-peaux-intolerantes-et-poly-allergiques-40-ml\/","title":{"rendered":"SVR SENSIFINE FLUIDE DERMO-APAISANT PEAUX INTOLERANTES ET POLY-ALLERGIQUES 40 ML"},"content":{"rendered":"<p><strong>CONSEILS D'UTILISATION :<\/strong><\/p>\n<p>Appliquer matin et\/ou soir sur le visage et le cou.<\/p>","protected":false},"excerpt":{"rendered":"<p>Sensifine fluide est un fluide \u00e0 la texture fondante &amp; au fini non gras, qui soulage imm\u00e9diatement, hydrate et apaise intens\u00e9ment pour un confort retrouv\u00e9. Il contient du : niacinamide, qui apaise et restaure la barri\u00e8re protectrice de la peau, de l&rsquo;huile de coton, qui nourrit et adoucit intens\u00e9ment et du squalane v\u00e9g\u00e9tale qui hydrate la peau. Sa formule minimaliste permet de r\u00e9duire les risques d&rsquo;allergies.<\/p>","protected":false},"featured_media":23372,"template":"","meta":{"arc_restricted_post":false},"product_cat":[48,332],"product_tag":[],"_links":{"self":[{"href":"https:\/\/www.sopha-sahara.com\/en\/wp-json\/wp\/v2\/product\/23312"}],"collection":[{"href":"https:\/\/www.sopha-sahara.com\/en\/wp-json\/wp\/v2\/product"}],"about":[{"href":"https:\/\/www.sopha-sahara.com\/en\/wp-json\/wp\/v2\/types\/product"}],"wp:featuredmedia":[{"embeddable":true,"href":"https:\/\/www.sopha-sahara.com\/en\/wp-json\/wp\/v2\/media\/23372"}],"wp:attachment":[{"href":"https:\/\/www.sopha-sahara.com\/en\/wp-json\/wp\/v2\/media?parent=23312"}],"wp:term":[{"taxonomy":"product_cat","embeddable":true,"href":"https:\/\/www.sopha-sahara.com\/en\/wp-json\/wp\/v2\/product_cat?post=23312"},{"taxonomy":"product_tag","embeddable":true,"href":"https:\/\/www.sopha-sahara.com\/en\/wp-json\/wp\/v2\/product_tag?post=23312"}],"curies":[{"name":"wp","href":"https:\/\/api.w.org\/{rel}","templated":true}]}}