{"id":23311,"date":"2020-12-15T09:54:42","date_gmt":"2020-12-15T08:54:42","guid":{"rendered":"https:\/\/www.interbusinesschamber.com\/produit\/svr-sensifine-creme-dermo-apaisante-peaux-intolerantes-et-poly-allergiques-40-ml\/"},"modified":"2020-12-29T11:14:10","modified_gmt":"2020-12-29T10:14:10","slug":"svr-sensifine-creme-dermo-apaisante-peaux-intolerantes-et-poly-allergiques-40-ml","status":"publish","type":"product","link":"https:\/\/www.sopha-sahara.com\/en\/product\/svr-sensifine-creme-dermo-apaisante-peaux-intolerantes-et-poly-allergiques-40-ml\/","title":{"rendered":"SVR SENSIFINE CR\u00c9ME DERMO-APAISANTE PEAUX INTOL\u00c9RANTES ET POLY-ALLERGIQUES 40 ML"},"content":{"rendered":"<p><strong>CONSEILS D'UTILISATION :<\/strong><\/p>\n<p>Appliquer matin et\/ou soir sur le visage et le cou.<\/p>","protected":false},"excerpt":{"rendered":"<p>Cette cr\u00e8me \u00e0 la texture onctueuse a \u00e9t\u00e9 sp\u00e9cialement con\u00e7ue pour hydrater et apaiser les peaux r\u00e9actives normales \u00e0 s\u00e8ches.<\/p>\n<p>La formule de cette cr\u00e8me contient de la niacinamide (2%) qui apaise et restaure la barri\u00e8re protectrice de la peau, de l&rsquo;huile de coton (10%), qui nourrit et adoucit intens\u00e9ment, du squalane v\u00e9g\u00e9tal qui hydrate la peau en parfaite bio-affinit\u00e9.<\/p>\n<p>La r\u00e9activit\u00e9 cutan\u00e9e est r\u00e9duite, la peau est imm\u00e9diatement hydrat\u00e9e et soulag\u00e9e et elle retrouve son confort.<\/p>\n<p>Test\u00e9e sur peaux hypersensibles et poly-allergiques, sous contr\u00f4le dermatologique. pH physiologique. Non com\u00e9dog\u00e8ne.<\/p>\n<p>Sans parfum, paraben, conservateur, tensio-actif, silicone, huile min\u00e9rale. Made in France.<\/p>","protected":false},"featured_media":23369,"template":"","meta":{"arc_restricted_post":false},"product_cat":[48,332],"product_tag":[],"_links":{"self":[{"href":"https:\/\/www.sopha-sahara.com\/en\/wp-json\/wp\/v2\/product\/23311"}],"collection":[{"href":"https:\/\/www.sopha-sahara.com\/en\/wp-json\/wp\/v2\/product"}],"about":[{"href":"https:\/\/www.sopha-sahara.com\/en\/wp-json\/wp\/v2\/types\/product"}],"wp:featuredmedia":[{"embeddable":true,"href":"https:\/\/www.sopha-sahara.com\/en\/wp-json\/wp\/v2\/media\/23369"}],"wp:attachment":[{"href":"https:\/\/www.sopha-sahara.com\/en\/wp-json\/wp\/v2\/media?parent=23311"}],"wp:term":[{"taxonomy":"product_cat","embeddable":true,"href":"https:\/\/www.sopha-sahara.com\/en\/wp-json\/wp\/v2\/product_cat?post=23311"},{"taxonomy":"product_tag","embeddable":true,"href":"https:\/\/www.sopha-sahara.com\/en\/wp-json\/wp\/v2\/product_tag?post=23311"}],"curies":[{"name":"wp","href":"https:\/\/api.w.org\/{rel}","templated":true}]}}