{"id":23310,"date":"2020-12-15T09:54:42","date_gmt":"2020-12-15T08:54:42","guid":{"rendered":"https:\/\/www.interbusinesschamber.com\/produit\/svr-sebiaclear-cicapeel-15-ml\/"},"modified":"2020-12-29T11:32:51","modified_gmt":"2020-12-29T10:32:51","slug":"svr-sebiaclear-cicapeel-15-ml","status":"publish","type":"product","link":"https:\/\/www.sopha-sahara.com\/en\/product\/svr-sebiaclear-cicapeel-15-ml\/","title":{"rendered":"SVR SEBIACLEAR CICAPEEL 15 ML"},"content":{"rendered":"<p><strong>CONSEILS D'UTILISATION :<\/strong><\/p>\n<p>Appliquer localement deux ou plusieurs fois par jour en \u00e9vitant le contour des yeux.<\/p>","protected":false},"excerpt":{"rendered":"<p>Gel actif cibl\u00e9\u00a0<br \/>Stop-bouton 24h<br \/>Anti-marques<br \/>Imperfections et marques<br \/>Sans paraben<br \/>Test\u00e9 sur peaux sensibles \u00e0 tendance acn\u00e9ique<br \/>Gel frais concentr\u00e9.<\/p>\n<p>En 24h: purifie, \u00e9limine et ass\u00e8che les imperfections et rougeurs localis\u00e9es.<\/p>\n<p>Action renforc\u00e9e: r\u00e9duit et pr\u00e9vient les marques.<br \/>Sans AHA, parfum frais sans allerg\u00e8ne.<\/p>\n<p>Actifs dermatologiques:<br \/>Gluconolactone 14% + acide salicylique: r\u00e9duisent les imperfections li\u00e9es \u00e0 l&rsquo;inflammation.\u00a0<\/p>","protected":false},"featured_media":23358,"template":"","meta":{"arc_restricted_post":false},"product_cat":[48,332],"product_tag":[],"_links":{"self":[{"href":"https:\/\/www.sopha-sahara.com\/en\/wp-json\/wp\/v2\/product\/23310"}],"collection":[{"href":"https:\/\/www.sopha-sahara.com\/en\/wp-json\/wp\/v2\/product"}],"about":[{"href":"https:\/\/www.sopha-sahara.com\/en\/wp-json\/wp\/v2\/types\/product"}],"wp:featuredmedia":[{"embeddable":true,"href":"https:\/\/www.sopha-sahara.com\/en\/wp-json\/wp\/v2\/media\/23358"}],"wp:attachment":[{"href":"https:\/\/www.sopha-sahara.com\/en\/wp-json\/wp\/v2\/media?parent=23310"}],"wp:term":[{"taxonomy":"product_cat","embeddable":true,"href":"https:\/\/www.sopha-sahara.com\/en\/wp-json\/wp\/v2\/product_cat?post=23310"},{"taxonomy":"product_tag","embeddable":true,"href":"https:\/\/www.sopha-sahara.com\/en\/wp-json\/wp\/v2\/product_tag?post=23310"}],"curies":[{"name":"wp","href":"https:\/\/api.w.org\/{rel}","templated":true}]}}