{"id":23309,"date":"2020-12-15T09:54:42","date_gmt":"2020-12-15T08:54:42","guid":{"rendered":"https:\/\/www.interbusinesschamber.com\/produit\/svr-topialyse-gel-lavant-200ml\/"},"modified":"2020-12-29T10:47:37","modified_gmt":"2020-12-29T09:47:37","slug":"svr-topialyse-gel-lavant-200ml","status":"publish","type":"product","link":"https:\/\/www.sopha-sahara.com\/en\/product\/svr-topialyse-gel-lavant-200ml\/","title":{"rendered":"SVR TOPIALYSE GEL LAVANT 200ML"},"content":{"rendered":"<p><strong>CONSEILS D'UTILISATION :<\/strong><\/p>\n<p>A utiliser quotidiennement sur le visage et le corps.<br \/>Appliquer sur peau mouill\u00e9e, faire mousser puis rincer d\u00e9licatement sans frotter.<\/p>","protected":false},"excerpt":{"rendered":"<p>TOPIALYSE GEL LAVANT respecte le film hydrolipidique de la peau et aide \u00e0 r\u00e9duire les sensations de tiraillements et d\u2019inconfort pour une peau adoucie et un confort longue dur\u00e9e. Sa formule douce sans savon au pH physiologique est enrichie en Om\u00e9gas 3, 6, 9 pour apaiser durablement la peau.<\/p>\n<div>\n<ul>\n<li>Nettoyant doux protecteur anti-dessechement sans savon.<\/li>\n<li>Le 1er* nettoyant anti-dessechement qui nettoie en douceur et protege de la tete aux pieds les peaux sensibles et seches de toute la famille.<\/li>\n<\/ul>\n<\/div>\n<p>Sa douceur et sa tol\u00e9rance ont \u00e9t\u00e9 test\u00e9es et valid\u00e9es sous contr\u00f4le\u00a0:<\/p>\n<ul>\n<li>Dermatologique<\/li>\n<li>Ophtalmologique<\/li>\n<li>P\u00e9diatrique<\/li>\n<li>Gyn\u00e9cologique<\/li>\n<\/ul>","protected":false},"featured_media":23388,"template":"","meta":{"arc_restricted_post":false},"product_cat":[48,332],"product_tag":[],"_links":{"self":[{"href":"https:\/\/www.sopha-sahara.com\/en\/wp-json\/wp\/v2\/product\/23309"}],"collection":[{"href":"https:\/\/www.sopha-sahara.com\/en\/wp-json\/wp\/v2\/product"}],"about":[{"href":"https:\/\/www.sopha-sahara.com\/en\/wp-json\/wp\/v2\/types\/product"}],"wp:featuredmedia":[{"embeddable":true,"href":"https:\/\/www.sopha-sahara.com\/en\/wp-json\/wp\/v2\/media\/23388"}],"wp:attachment":[{"href":"https:\/\/www.sopha-sahara.com\/en\/wp-json\/wp\/v2\/media?parent=23309"}],"wp:term":[{"taxonomy":"product_cat","embeddable":true,"href":"https:\/\/www.sopha-sahara.com\/en\/wp-json\/wp\/v2\/product_cat?post=23309"},{"taxonomy":"product_tag","embeddable":true,"href":"https:\/\/www.sopha-sahara.com\/en\/wp-json\/wp\/v2\/product_tag?post=23309"}],"curies":[{"name":"wp","href":"https:\/\/api.w.org\/{rel}","templated":true}]}}