{"id":23308,"date":"2020-12-15T09:54:41","date_gmt":"2020-12-15T08:54:41","guid":{"rendered":"https:\/\/www.interbusinesschamber.com\/produit\/svr-topialyse-baume-lavant-200ml\/"},"modified":"2020-12-29T10:54:15","modified_gmt":"2020-12-29T09:54:15","slug":"svr-topialyse-baume-lavant-200ml","status":"publish","type":"product","link":"https:\/\/www.sopha-sahara.com\/en\/product\/svr-topialyse-baume-lavant-200ml\/","title":{"rendered":"SVR TOPIALYSE BAUME LAVANT 200ML"},"content":{"rendered":"<div id=\"page\" class=\"container_9 clearfix\">\n<div id=\"columns\" class=\"grid_9 alpha omega clearfix\">\n<div id=\"center_column\">\n<div id=\"category_produit\">\n<div id=\"more_info_block\" class=\"clear\">\n<div id=\"more_info_sheets\" class=\"sheets align_justify\">\n<div id=\"idTab1\" class=\"rte\">\n<p><strong>CONSEILS D'UTILISATION :<\/strong><\/p>\n<p>Appliquer sur peau mouill\u00e9e, faire mousser, rincer puis s\u00e9cher d\u00e9licatement sans frotter.<br \/>Appliquer ensuite TOPIALYSE Cr\u00e8me \u00c9molliente pour une hydratation et un confort longue dur\u00e9e ou TOPIALYSE Baume Intensif pour une nutrition intense<\/p>\n<\/div>\n<\/div>\n<\/div>\n<\/div>\n<\/div>\n<div id=\"right_column\" class=\"column grid_2 omega\">\u00a0<\/div>\n<\/div>\n<\/div>\n<div id=\"footer\" class=\"grid_9 alpha omega clearfix\">\n<div id=\"sous_footer\">\n<div id=\"block_various_links_footer\" class=\"block_various_links\">\u00a0<\/div>\n<\/div>\n<\/div>","protected":false},"excerpt":{"rendered":"<p>Innovation : Aussi efficace qu\u2019un soin, TOPIALYSE BAUME LAVANT est le 1er* baume lavant sans sulfate pour les peaux tr\u00e8s s\u00e8ches \u00e0 atopiques de toute la famille qui apaise les sensations de grattage tout en apportant un confort longue dur\u00e9e.<br \/>Sans parfum.<\/p>\n<p>Efficacit\u00e9 cliniquement prouv\u00e9e : maintient l\u2019hydratation pendant 24h(1).<br \/>Une prouesse formulatoire pour un soin lavant 3 en 1:\u00a0<br \/>1- Un baume relipidant : la plus haute* concentration en actifs hydratants et relipidants (35%) riche en Huile de coton et Huile de coco, source d\u2019om\u00e9gas 3, 6, 9<br \/>2- Un nettoyant haute tol\u00e9rance 0% sulfate : un agent surgraissant contenant un \u00ab\u00a0biolipide\u00a0\u00bb naturellement pr\u00e9sent dans la peau compense le manque de lipides des peaux affaiblies<br \/>3- Un soin apaisant et anti-irritations : gr\u00e2ce \u00e0 la Niacinamide, actif de r\u00e9f\u00e9rence et un sucre pr\u00e9biotique pour r\u00e9\u00e9quilibrer la flore cutan\u00e9e<\/p>\n<p>Le tout dans une texture soin, un baume onctueux, cr\u00e9meux et nourrissant qui se rince facilement.<br \/>100% respectueux des peaux tr\u00e8s s\u00e8ches \u00e0 atopiques, 100% formul\u00e9 pour toute la famille du nourrisson \u00e0 l\u2019adulte.<\/p>","protected":false},"featured_media":23384,"template":"","meta":{"arc_restricted_post":false},"product_cat":[48,332],"product_tag":[],"_links":{"self":[{"href":"https:\/\/www.sopha-sahara.com\/en\/wp-json\/wp\/v2\/product\/23308"}],"collection":[{"href":"https:\/\/www.sopha-sahara.com\/en\/wp-json\/wp\/v2\/product"}],"about":[{"href":"https:\/\/www.sopha-sahara.com\/en\/wp-json\/wp\/v2\/types\/product"}],"wp:featuredmedia":[{"embeddable":true,"href":"https:\/\/www.sopha-sahara.com\/en\/wp-json\/wp\/v2\/media\/23384"}],"wp:attachment":[{"href":"https:\/\/www.sopha-sahara.com\/en\/wp-json\/wp\/v2\/media?parent=23308"}],"wp:term":[{"taxonomy":"product_cat","embeddable":true,"href":"https:\/\/www.sopha-sahara.com\/en\/wp-json\/wp\/v2\/product_cat?post=23308"},{"taxonomy":"product_tag","embeddable":true,"href":"https:\/\/www.sopha-sahara.com\/en\/wp-json\/wp\/v2\/product_tag?post=23308"}],"curies":[{"name":"wp","href":"https:\/\/api.w.org\/{rel}","templated":true}]}}