{"id":23306,"date":"2020-12-15T09:54:41","date_gmt":"2020-12-15T08:54:41","guid":{"rendered":"https:\/\/www.interbusinesschamber.com\/produit\/svr-physiopure-gelee-moussante-200-ml\/"},"modified":"2020-12-29T11:30:43","modified_gmt":"2020-12-29T10:30:43","slug":"svr-physiopure-gelee-moussante-200-ml","status":"publish","type":"product","link":"https:\/\/www.sopha-sahara.com\/en\/product\/svr-physiopure-gelee-moussante-200-ml\/","title":{"rendered":"SVR PHYSIOPURE GEL\u00c9E MOUSSANTE 200 ML"},"content":{"rendered":"<p><strong>CONSEILS D'UTILISATION :<\/strong><\/p>\n<p>Appliquer matin et\/ou soir sur visage humide. Rincer abondamment. S\u00e9cher en tapotant sans frotter.<\/p>","protected":false},"excerpt":{"rendered":"<p>PHYSIOPURE GELEE MOUSSANTE s\u2019adresse aux femmes en qu\u00eate de puret\u00e9 qui pr\u00e9f\u00e8rent le nettoyage \u00e0 l\u2019eau. Extra l\u00e9g\u00e8re, cette d\u00e9licieuse gel\u00e9e se transforme en une mousse onctueuse et abondante pour un nettoyage haute sensorialit\u00e9, au rin\u00e7age facile.<\/p>\n<p>Cet actif star de PHYSIOPURE, oligo-\u00e9l\u00e9ment pr\u00e9cieux, joue un r\u00f4le fondamental dans le processus de respiration cellulaire et dans la production d\u2019\u00e9nergie. Parfaitement oxyg\u00e9n\u00e9e, la peau se lib\u00e8re, elle respire !<\/p>\n<p>PHYSIOPURE c\u2019est 4 formules z\u00e9ro compromis alliant efficacit\u00e9, tol\u00e9rance et sensorialit\u00e9 :<\/p>\n<p>\u2022 Enrichies en Magn\u00e9sium Oxyg\u00e9nant, les formules PHYSIOPURE, bien plus que des nettoyants, sont de v\u00e9ritables soins actifs.<\/p>\n<p>\u2022 Chaque ingr\u00e9dient est scrupuleusement s\u00e9lectionn\u00e9 et minutieusement dos\u00e9 pour garantir une tol\u00e9rance optimale \u00e0 toutes les peaux, m\u00eame les plus sensibles.<\/p>\n<p>\u2022 Extra fra\u00eeches et confortables, les formules PHYSIOPURE sont d\u00e9licatement parfum\u00e9es de notes fleuries et marines.<\/p>","protected":false},"featured_media":23356,"template":"","meta":{"arc_restricted_post":false},"product_cat":[48,332],"product_tag":[],"_links":{"self":[{"href":"https:\/\/www.sopha-sahara.com\/en\/wp-json\/wp\/v2\/product\/23306"}],"collection":[{"href":"https:\/\/www.sopha-sahara.com\/en\/wp-json\/wp\/v2\/product"}],"about":[{"href":"https:\/\/www.sopha-sahara.com\/en\/wp-json\/wp\/v2\/types\/product"}],"wp:featuredmedia":[{"embeddable":true,"href":"https:\/\/www.sopha-sahara.com\/en\/wp-json\/wp\/v2\/media\/23356"}],"wp:attachment":[{"href":"https:\/\/www.sopha-sahara.com\/en\/wp-json\/wp\/v2\/media?parent=23306"}],"wp:term":[{"taxonomy":"product_cat","embeddable":true,"href":"https:\/\/www.sopha-sahara.com\/en\/wp-json\/wp\/v2\/product_cat?post=23306"},{"taxonomy":"product_tag","embeddable":true,"href":"https:\/\/www.sopha-sahara.com\/en\/wp-json\/wp\/v2\/product_tag?post=23306"}],"curies":[{"name":"wp","href":"https:\/\/api.w.org\/{rel}","templated":true}]}}