{"id":23305,"date":"2020-12-15T09:54:39","date_gmt":"2020-12-15T08:54:39","guid":{"rendered":"https:\/\/www.interbusinesschamber.com\/produit\/svr-sebiaclear-mat-pores-soin-matifiant-40ml\/"},"modified":"2020-12-29T11:23:30","modified_gmt":"2020-12-29T10:23:30","slug":"svr-sebiaclear-mat-pores-soin-matifiant-40ml","status":"publish","type":"product","link":"https:\/\/www.sopha-sahara.com\/en\/product\/svr-sebiaclear-mat-pores-soin-matifiant-40ml\/","title":{"rendered":"SVR SEBIACLEAR MAT + PORES SOIN MATIFIANT 40ML"},"content":{"rendered":"<p class=\"dtab-title\"><strong>Composition<\/strong><\/p>\n<div class=\"std\">\n<p>Formule INCI: aqua (purified water), propanediol, gluconolactone, niacinamide, caprylyl methicone, cyclopentasiloxane, metyl methacrylate crosspolymer, ammonium acryloyldimethyltaurate\/vp copolymer, PEG-12 dimethicone\/PPG-20 crosspolymer, salicylic acid, saccharide isomerate, sarcosine, tocopherol, butylene glycol, citric acid, glyceryl stearate, hydroxyethyl acrylate\/sodium acryloyldimethyl taurate copolymer, PEG-100 stearate, pentylene glycol, polysorbate 60, silica, sodium citrate, sodium hydroxide, sorbitan isostearate, xanthan gum, parfum (fragrance).<\/p>\n<p class=\"dtab-title\"><strong>Conseils d'utilisation<\/strong><\/p>\n<div class=\"std\">\n<p>Appliquer matin et \/ ou soir sur l'ensemble du visage.<\/p>\n<\/div>\n<\/div>","protected":false},"excerpt":{"rendered":"<p>SEBIACLEAR<br \/>Mat + Pores<br \/>Soin matifiant s\u00e9bo-r\u00e9gulateur<br \/>Anti-pores dilat\u00e9s<br \/>Peaux \u00e0 imperfections<br \/>Sans paraben<br \/>Test\u00e9e sur peau grasse et sensible<br \/>40ml<\/p>\n<p>&nbsp;<\/p>\n<p>Soin correcteur anti-brillance, hydratant, matifiant longue dur\u00e9e, efficacit\u00e9 8h.<br \/>Effet peeling doux, sans AHA.<br \/>Pores visiblement resser\u00e9s.<br \/>Texture fluide, oil-free, fini mat et velout\u00e9, excellente base de maquillage.<\/p>\n<p>&nbsp;<\/p>\n<p>Actifs dermatologiques \u00e0 hautes doses:<br \/>&#8211; gluconolactone 4% + acide salicylique: purifient, lissent le grain de peau et r\u00e9duisent les imperfections.<br \/>&#8211; Mat SR 2%: matifiant s\u00e9bo-r\u00e9gulateur normalise la production de s\u00e9bum.<br \/>&#8211; sucres physiologiques: hydratant 72h\u00a0<\/p>","protected":false},"featured_media":23363,"template":"","meta":{"arc_restricted_post":false},"product_cat":[48,332],"product_tag":[],"_links":{"self":[{"href":"https:\/\/www.sopha-sahara.com\/en\/wp-json\/wp\/v2\/product\/23305"}],"collection":[{"href":"https:\/\/www.sopha-sahara.com\/en\/wp-json\/wp\/v2\/product"}],"about":[{"href":"https:\/\/www.sopha-sahara.com\/en\/wp-json\/wp\/v2\/types\/product"}],"wp:featuredmedia":[{"embeddable":true,"href":"https:\/\/www.sopha-sahara.com\/en\/wp-json\/wp\/v2\/media\/23363"}],"wp:attachment":[{"href":"https:\/\/www.sopha-sahara.com\/en\/wp-json\/wp\/v2\/media?parent=23305"}],"wp:term":[{"taxonomy":"product_cat","embeddable":true,"href":"https:\/\/www.sopha-sahara.com\/en\/wp-json\/wp\/v2\/product_cat?post=23305"},{"taxonomy":"product_tag","embeddable":true,"href":"https:\/\/www.sopha-sahara.com\/en\/wp-json\/wp\/v2\/product_tag?post=23305"}],"curies":[{"name":"wp","href":"https:\/\/api.w.org\/{rel}","templated":true}]}}