{"id":23304,"date":"2020-12-15T09:54:38","date_gmt":"2020-12-15T08:54:38","guid":{"rendered":"https:\/\/www.interbusinesschamber.com\/produit\/svr-sebiaclear-gel-moussant-200-ml\/"},"modified":"2020-12-29T11:27:14","modified_gmt":"2020-12-29T10:27:14","slug":"svr-sebiaclear-gel-moussant-200-ml","status":"publish","type":"product","link":"https:\/\/www.sopha-sahara.com\/en\/product\/svr-sebiaclear-gel-moussant-200-ml\/","title":{"rendered":"SVR SEBIACLEAR GEL MOUSSANT 200 ML"},"content":{"rendered":"<p><strong>CONSEILS D'UTILISATION :<\/strong><\/p>\n<p>Appliquer sur peau mouill\u00e9e, faire mousser puis rincer.<\/p>","protected":false},"excerpt":{"rendered":"<p>Le GEL MOUSSANT SEBIACLEAR est un nettoyant sans savon qui purifie et d\u00e9sincruste la peau tout en douceur. Sa mousse onctueuse \u00e9limine impuret\u00e9s et exc\u00e8s de s\u00e9bum sans dess\u00e9cher. Facile \u00e0 rincer, il laisse la peau parfaitement nette, fra\u00eeche et matifi\u00e9e.<\/p>","protected":false},"featured_media":23360,"template":"","meta":{"arc_restricted_post":false},"product_cat":[48,332],"product_tag":[],"_links":{"self":[{"href":"https:\/\/www.sopha-sahara.com\/en\/wp-json\/wp\/v2\/product\/23304"}],"collection":[{"href":"https:\/\/www.sopha-sahara.com\/en\/wp-json\/wp\/v2\/product"}],"about":[{"href":"https:\/\/www.sopha-sahara.com\/en\/wp-json\/wp\/v2\/types\/product"}],"wp:featuredmedia":[{"embeddable":true,"href":"https:\/\/www.sopha-sahara.com\/en\/wp-json\/wp\/v2\/media\/23360"}],"wp:attachment":[{"href":"https:\/\/www.sopha-sahara.com\/en\/wp-json\/wp\/v2\/media?parent=23304"}],"wp:term":[{"taxonomy":"product_cat","embeddable":true,"href":"https:\/\/www.sopha-sahara.com\/en\/wp-json\/wp\/v2\/product_cat?post=23304"},{"taxonomy":"product_tag","embeddable":true,"href":"https:\/\/www.sopha-sahara.com\/en\/wp-json\/wp\/v2\/product_tag?post=23304"}],"curies":[{"name":"wp","href":"https:\/\/api.w.org\/{rel}","templated":true}]}}