{"id":23302,"date":"2020-12-15T09:54:38","date_gmt":"2020-12-15T08:54:38","guid":{"rendered":"https:\/\/www.interbusinesschamber.com\/produit\/svr-xerial-40-ongles-gel-10ml-ongles-abimes-et-epaissis\/"},"modified":"2020-12-29T12:22:41","modified_gmt":"2020-12-29T11:22:41","slug":"svr-xerial-40-ongles-gel-10ml-ongles-abimes-et-epaissis","status":"publish","type":"product","link":"https:\/\/www.sopha-sahara.com\/en\/product\/svr-xerial-40-ongles-gel-10ml-ongles-abimes-et-epaissis\/","title":{"rendered":"SVR XERIAL 40 ONGLES GEL 10ML ONGLES AB\u00ceM\u00c9S ET \u00c9PAISSIS"},"content":{"rendered":"<h4><span class=\"akzidenz\">Conseils d'utilisation<\/span><\/h4>\n<div class=\"catalog-reference-display-description box-content\">\n<p>Tube pinceau. Peut s'utiliser seul ou en compl\u00e9ment des traitements dermatologiques locaux<\/p>\n<\/div>","protected":false},"excerpt":{"rendered":"<div class=\"catalog-reference-display-description box-content\">Indications : ongles ab\u00eem\u00e9s et \u00e9paissis. Ce soin lisse et prot\u00e8ge l&rsquo;ongle des agressions ext\u00e9rieures en assainissant la flore fongique.<\/p>\n<p>Actifs majeurs :<br \/>&#8211; tehcnologie Ur\u00e9e Pure Ur\u00e9e pure 40% : lisse l&rsquo;ongle (mains, pieds)<\/div>\n<div class=\"catalog-reference-display-description box-content\">\n<p>&nbsp;<\/p>\n<\/div>","protected":false},"featured_media":23399,"template":"","meta":{"arc_restricted_post":false},"product_cat":[48,332],"product_tag":[],"_links":{"self":[{"href":"https:\/\/www.sopha-sahara.com\/en\/wp-json\/wp\/v2\/product\/23302"}],"collection":[{"href":"https:\/\/www.sopha-sahara.com\/en\/wp-json\/wp\/v2\/product"}],"about":[{"href":"https:\/\/www.sopha-sahara.com\/en\/wp-json\/wp\/v2\/types\/product"}],"wp:featuredmedia":[{"embeddable":true,"href":"https:\/\/www.sopha-sahara.com\/en\/wp-json\/wp\/v2\/media\/23399"}],"wp:attachment":[{"href":"https:\/\/www.sopha-sahara.com\/en\/wp-json\/wp\/v2\/media?parent=23302"}],"wp:term":[{"taxonomy":"product_cat","embeddable":true,"href":"https:\/\/www.sopha-sahara.com\/en\/wp-json\/wp\/v2\/product_cat?post=23302"},{"taxonomy":"product_tag","embeddable":true,"href":"https:\/\/www.sopha-sahara.com\/en\/wp-json\/wp\/v2\/product_tag?post=23302"}],"curies":[{"name":"wp","href":"https:\/\/api.w.org\/{rel}","templated":true}]}}