{"id":23301,"date":"2020-12-15T09:54:38","date_gmt":"2020-12-15T08:54:38","guid":{"rendered":"https:\/\/www.interbusinesschamber.com\/produit\/svr-xerial-50-extreme-creme-pieds-40ml-callosites-et-durillons-rebelles\/"},"modified":"2020-12-29T10:36:04","modified_gmt":"2020-12-29T09:36:04","slug":"svr-xerial-50-extreme-creme-pieds-40ml-callosites-et-durillons-rebelles","status":"publish","type":"product","link":"https:\/\/www.sopha-sahara.com\/en\/product\/svr-xerial-50-extreme-creme-pieds-40ml-callosites-et-durillons-rebelles\/","title":{"rendered":"SVR XERIAL 50 EXTREME CREME PIEDS 40ML CALLOSIT\u00c9S ET DURILLONS REBELLES"},"content":{"rendered":"<p><strong>LES AVANTAGES PRODUITS :\u00a0<\/strong><br \/>Sans parfum\u00a0<br \/>Action en profondeur\u00a0<br \/>R\u00e9duit les callosit\u00e9s et les durillons rebelles\u00a0<\/p>\n<p><strong>Conseils d'utilisation :<\/strong><br \/>Appliquer chaque jour sur la zone concern\u00e9e jusqu\u2019\u00e0 l\u2019effet recherch\u00e9.\u00a0<\/p>\n<p>En relais, appliquer chaque jour X\u00e9rial\u00ae 30 Cr\u00e8me pieds pour pr\u00e9venir l\u2019apparition des callosit\u00e9s.\u00a0<\/p>\n<p>Ne pas appliquer chez l\u2019enfant de moins de 3 ans.<\/p>","protected":false},"excerpt":{"rendered":"<p><strong>Indications :<\/strong><br \/>Cr\u00e8me pieds anti-callosit\u00e9s et durillons rebelles.<\/p>\n<p><strong>Descriptif :<\/strong><br \/>X\u00e9rial\u00ae 50 Extr\u00eame Cr\u00e8me Pieds<\/p>\n<p>Gr\u00e2ce \u00e0 la Technologie Ur\u00e9e Pure (brevet d\u00e9pos\u00e9) concentr\u00e9e \u00e0 50%, Prot\u00e9ase et Acides Amin\u00e9s, X\u00e9rial\u00ae 50 Extr\u00eame r\u00e9duit les callosit\u00e9s et les durillons rebelles en 7 jours*.\u00a0<br \/>Concentr\u00e9 en Prot\u00e9ase et en Acide Salicylique pour une action en profondeur et plus d\u2019efficacit\u00e9.\u00a0<br \/>* Test scientifique sur 21 volontaires, 2 applications par jour.\u00a0<\/p>\n<p>Formul\u00e9 pour une tol\u00e9rance maximale.\u00a0<br \/>Test\u00e9 sous contr\u00f4le dermatologique et podologique.\u00a0<\/p>","protected":false},"featured_media":23400,"template":"","meta":{"arc_restricted_post":false},"product_cat":[48,332],"product_tag":[],"_links":{"self":[{"href":"https:\/\/www.sopha-sahara.com\/en\/wp-json\/wp\/v2\/product\/23301"}],"collection":[{"href":"https:\/\/www.sopha-sahara.com\/en\/wp-json\/wp\/v2\/product"}],"about":[{"href":"https:\/\/www.sopha-sahara.com\/en\/wp-json\/wp\/v2\/types\/product"}],"wp:featuredmedia":[{"embeddable":true,"href":"https:\/\/www.sopha-sahara.com\/en\/wp-json\/wp\/v2\/media\/23400"}],"wp:attachment":[{"href":"https:\/\/www.sopha-sahara.com\/en\/wp-json\/wp\/v2\/media?parent=23301"}],"wp:term":[{"taxonomy":"product_cat","embeddable":true,"href":"https:\/\/www.sopha-sahara.com\/en\/wp-json\/wp\/v2\/product_cat?post=23301"},{"taxonomy":"product_tag","embeddable":true,"href":"https:\/\/www.sopha-sahara.com\/en\/wp-json\/wp\/v2\/product_tag?post=23301"}],"curies":[{"name":"wp","href":"https:\/\/api.w.org\/{rel}","templated":true}]}}