{"id":23300,"date":"2020-12-15T09:54:38","date_gmt":"2020-12-15T08:54:38","guid":{"rendered":"https:\/\/www.interbusinesschamber.com\/produit\/svr-xerial-30-creme-100ml-peaux-tres-seches-et-rugueuses-poils-incarnes\/"},"modified":"2020-12-29T10:38:06","modified_gmt":"2020-12-29T09:38:06","slug":"svr-xerial-30-creme-100ml-peaux-tres-seches-et-rugueuses-poils-incarnes","status":"publish","type":"product","link":"https:\/\/www.sopha-sahara.com\/en\/product\/svr-xerial-30-creme-100ml-peaux-tres-seches-et-rugueuses-poils-incarnes\/","title":{"rendered":"SVR XERIAL 30 CREME 100ML PEAUX TR\u00c8S S\u00c8CHES ET RUGUEUSES &#8211; POILS INCARN\u00c9S"},"content":{"rendered":"<p><strong>Indications :<\/strong><br \/>Peau tr\u00e8s s\u00e8che et rugueuse<br \/>Poils incarn\u00e9s (bras, coudes, jambes, zones pilaires)<\/p>\n<p>&nbsp;<\/p>\n<p><strong>Conseils d'utilisation :<\/strong><br \/>Appliquer 1 \u00e0 2 fois par jour sur les zones concern\u00e9es. (Ne pas appliquer chez l'enfant de moins de 3 ans).<\/p>","protected":false},"excerpt":{"rendered":"<p>R\u00e9duit les rugosit\u00e9s et les poils incarn\u00e9s.<br \/>Lisse la peau et r\u00e9duit son aspect granuleux.<\/p>\n<p>Gr\u00e2ce \u00e0 la technologie ur\u00e9e pure (brevet d\u00e9pos\u00e9) concentr\u00e9e \u00e0 30%, prot\u00e9ase et acides amin\u00e9s, X\u00e9rial\u00ae 30 Cr\u00e8me Corps r\u00e9duit efficacement l\u2019aspect granuleux de la peau et l\u2019hydrate durablement.<br \/>Enrichi en beurre de karit\u00e9 et allanto\u00efne, X\u00e9rial\u00ae 30 Cr\u00e8me Corps nourrit, prot\u00e8ge et apaise les sensations d\u2019inconfort.<br \/>La peau redevient souple et lisse.<br \/>Sa texture non grasse s\u2019\u00e9tale facilement et p\u00e9n\u00e8tre rapidement.<\/p>","protected":false},"featured_media":23397,"template":"","meta":{"arc_restricted_post":false},"product_cat":[48,332],"product_tag":[],"_links":{"self":[{"href":"https:\/\/www.sopha-sahara.com\/en\/wp-json\/wp\/v2\/product\/23300"}],"collection":[{"href":"https:\/\/www.sopha-sahara.com\/en\/wp-json\/wp\/v2\/product"}],"about":[{"href":"https:\/\/www.sopha-sahara.com\/en\/wp-json\/wp\/v2\/types\/product"}],"wp:featuredmedia":[{"embeddable":true,"href":"https:\/\/www.sopha-sahara.com\/en\/wp-json\/wp\/v2\/media\/23397"}],"wp:attachment":[{"href":"https:\/\/www.sopha-sahara.com\/en\/wp-json\/wp\/v2\/media?parent=23300"}],"wp:term":[{"taxonomy":"product_cat","embeddable":true,"href":"https:\/\/www.sopha-sahara.com\/en\/wp-json\/wp\/v2\/product_cat?post=23300"},{"taxonomy":"product_tag","embeddable":true,"href":"https:\/\/www.sopha-sahara.com\/en\/wp-json\/wp\/v2\/product_tag?post=23300"}],"curies":[{"name":"wp","href":"https:\/\/api.w.org\/{rel}","templated":true}]}}