{"id":23299,"date":"2020-12-15T09:54:38","date_gmt":"2020-12-15T08:54:38","guid":{"rendered":"https:\/\/www.interbusinesschamber.com\/produit\/svr-xerial-10-lait-corps-200ml-peaux-seches-et-squameuses\/"},"modified":"2020-12-29T10:39:42","modified_gmt":"2020-12-29T09:39:42","slug":"svr-xerial-10-lait-corps-200ml-peaux-seches-et-squameuses","status":"publish","type":"product","link":"https:\/\/www.sopha-sahara.com\/en\/product\/svr-xerial-10-lait-corps-200ml-peaux-seches-et-squameuses\/","title":{"rendered":"SVR XERIAL 10 LAIT CORPS 200ML PEAUX S\u00c8CHES ET SQUAMEUSES"},"content":{"rendered":"<div id=\"product_info_desc\">\n<h4>Propri\u00e9t\u00e9s<\/h4>\n<p>Le LAIT CORPS XERIAL 10 contient :<\/p>\n<ul>\n<li><strong>Un Complexe d'Ur\u00e9e Pure (Brevet D\u00e9pos\u00e9) concentr\u00e9 \u00e0 10%<\/strong>\n<ul>\n<li>Sa composition \u00e0 base d'ur\u00e9e, de Prot\u00e9ase, et d'Acides Amin\u00e9s att\u00e9nue l'aspect sec, pr\u00e9sentant des asp\u00e9rit\u00e9s de l'\u00e9piderme et apporte une hydratation profonde et durable sur 24H.<\/li>\n<\/ul>\n<\/li>\n<li><strong>El\u00e9ments Hydratants<\/strong>\n<ul>\n<li>De l'Allanto\u00efne et du Beurre de Karit\u00e9 qui forment une synergie permettant d'apaiser et d'hydrater efficacement l'\u00e9piderme afin de restituer une peau lisse et souple. Ces \u00e9l\u00e9ments d\u00e9posent un film protecteur sur l'\u00e9piderme afin de le pr\u00e9server de la r\u00e9apparition de cellules mortes.<\/li>\n<\/ul>\n<\/li>\n<\/ul>\n<\/div>\n<div id=\"product_info_desc\">\n<h4>R\u00e9sultats<\/h4>\n<p>Le LAIT CORPS XERIAL 10 est un soin profond qui p\u00e9n\u00e8tre facilement au sein de votre \u00e9piderme dess\u00e9ch\u00e9 afin de l'hydrater profond\u00e9ment et durablement, votre peau est lisse et souple, les cellules mortes et s\u00e8ches disparaissent pour laisser place \u00e0 un corps velout\u00e9 et \u00e9clatant de sant\u00e9. Ce soin dissipe les sensations d\u00e9sagr\u00e9ables de picotements, tiraillements et d\u00e9mangeaisons, un havre de paix vous envahit enti\u00e8rement.<\/p><\/div>\n<div id=\"product_info_desc\">\n<h4>Conseils D'utilisation<\/h4>\n<p>Ce lait s'utilise tous les jours, sur une peau propre et s\u00e8che :<\/p>\n<ul>\n<li>D\u00e9posez un peu de cr\u00e8me dans la paume de votre main et appliquez en massant doucement, insistez sur les zones particuli\u00e8rement affect\u00e9es et s\u00e8ches.<\/li>\n<\/ul>\n<ul>\n<li>Ce lait corporel est particuli\u00e8rement pr\u00e9conis\u00e9 sur les \u00e9pidermes ayant subi des traitements dermatologiques ass\u00e9chants.<\/li>\n<\/ul>\n<\/div>","protected":false},"excerpt":{"rendered":"<p>Les \u00e9pidermes secs ayant une tendance atopique, pr\u00e9sentent souvent des squames d&rsquo;aspects blanch\u00e2tres qui d\u00e9mangent et il est difficile de trouver des soins qui passent la barri\u00e8re que forme ces plaques afin de les r\u00e9hydrater et de leurs rendre une physiologie normale. La CREME XERIAL 30 CORPS a fait l&rsquo;objet d&rsquo;une recherche pouss\u00e9e et la mise en place d&rsquo;\u00e9l\u00e9ments sp\u00e9cifiques afin de procurer \u00e0 votre peau une fonction nourrissante et r\u00e9paratrice sur l&rsquo;apparition de ces squames disgracieux.<\/p>","protected":false},"featured_media":23396,"template":"","meta":{"arc_restricted_post":false},"product_cat":[48,332],"product_tag":[],"_links":{"self":[{"href":"https:\/\/www.sopha-sahara.com\/en\/wp-json\/wp\/v2\/product\/23299"}],"collection":[{"href":"https:\/\/www.sopha-sahara.com\/en\/wp-json\/wp\/v2\/product"}],"about":[{"href":"https:\/\/www.sopha-sahara.com\/en\/wp-json\/wp\/v2\/types\/product"}],"wp:featuredmedia":[{"embeddable":true,"href":"https:\/\/www.sopha-sahara.com\/en\/wp-json\/wp\/v2\/media\/23396"}],"wp:attachment":[{"href":"https:\/\/www.sopha-sahara.com\/en\/wp-json\/wp\/v2\/media?parent=23299"}],"wp:term":[{"taxonomy":"product_cat","embeddable":true,"href":"https:\/\/www.sopha-sahara.com\/en\/wp-json\/wp\/v2\/product_cat?post=23299"},{"taxonomy":"product_tag","embeddable":true,"href":"https:\/\/www.sopha-sahara.com\/en\/wp-json\/wp\/v2\/product_tag?post=23299"}],"curies":[{"name":"wp","href":"https:\/\/api.w.org\/{rel}","templated":true}]}}