{"id":23298,"date":"2020-12-15T09:54:38","date_gmt":"2020-12-15T08:54:38","guid":{"rendered":"https:\/\/www.interbusinesschamber.com\/produit\/svr-topialyse-creme-emolliente-200ml-peaux-seches-a-tendance-atopique\/"},"modified":"2020-12-29T10:51:11","modified_gmt":"2020-12-29T09:51:11","slug":"svr-topialyse-creme-emolliente-200ml-peaux-seches-a-tendance-atopique","status":"publish","type":"product","link":"https:\/\/www.sopha-sahara.com\/en\/product\/svr-topialyse-creme-emolliente-200ml-peaux-seches-a-tendance-atopique\/","title":{"rendered":"SVR TOPIALYSE CREME EMOLLIENTE 200ML PEAUX S\u00c8CHES \u00c0 TENDANCE ATOPIQUE"},"content":{"rendered":"<p><strong>Conseils d'utilisation :<\/strong><\/p>\n<p>En application 1 \u00e0 2 fois par jour sur une peau s\u00e8che id\u00e9alement nettoy\u00e9e avec TOPIALYSE\u00ae, Cr\u00e8me Lavante. Emulsion H\/E - Sans parfum Sans colorant - Hypoallerg\u00e9nique Tr\u00e8s haute tol\u00e9rance B\u00e9b\u00e9, enfant, adulte<\/p>\n<p>Test\u00e9 sous contr\u00f4le dermatologique<\/p>\n<p>Test\u00e9 sur peaux \u00e0 tendance atopique Sans paraben Formul\u00e9e pour minimiser les risques de r\u00e9actions allergiques.<\/p>","protected":false},"excerpt":{"rendered":"<p>Soin \u00e9mollient (visage et corps) sp\u00e9cifique des peaux s\u00e8ches et tr\u00e8s s\u00e8ches \u00e0 tendance atopique du b\u00e9b\u00e9, de l&rsquo;enfant et de l&amp;rsquo,adulte.<\/p>\n<p>Peut \u00eatre utilis\u00e9 en relais des traitements topiques dermatologiques locaux.<\/p>","protected":false},"featured_media":23386,"template":"","meta":{"arc_restricted_post":false},"product_cat":[48,332],"product_tag":[],"_links":{"self":[{"href":"https:\/\/www.sopha-sahara.com\/en\/wp-json\/wp\/v2\/product\/23298"}],"collection":[{"href":"https:\/\/www.sopha-sahara.com\/en\/wp-json\/wp\/v2\/product"}],"about":[{"href":"https:\/\/www.sopha-sahara.com\/en\/wp-json\/wp\/v2\/types\/product"}],"wp:featuredmedia":[{"embeddable":true,"href":"https:\/\/www.sopha-sahara.com\/en\/wp-json\/wp\/v2\/media\/23386"}],"wp:attachment":[{"href":"https:\/\/www.sopha-sahara.com\/en\/wp-json\/wp\/v2\/media?parent=23298"}],"wp:term":[{"taxonomy":"product_cat","embeddable":true,"href":"https:\/\/www.sopha-sahara.com\/en\/wp-json\/wp\/v2\/product_cat?post=23298"},{"taxonomy":"product_tag","embeddable":true,"href":"https:\/\/www.sopha-sahara.com\/en\/wp-json\/wp\/v2\/product_tag?post=23298"}],"curies":[{"name":"wp","href":"https:\/\/api.w.org\/{rel}","templated":true}]}}