{"id":23297,"date":"2020-12-15T09:54:37","date_gmt":"2020-12-15T08:54:37","guid":{"rendered":"https:\/\/www.interbusinesschamber.com\/produit\/svr-sebiacler-gel-moussant-purifiant-200ml-hygiene-quotidienne\/"},"modified":"2020-12-29T11:19:56","modified_gmt":"2020-12-29T10:19:56","slug":"svr-sebiacler-gel-moussant-purifiant-200ml-hygiene-quotidienne","status":"publish","type":"product","link":"https:\/\/www.sopha-sahara.com\/en\/product\/svr-sebiacler-gel-moussant-purifiant-200ml-hygiene-quotidienne\/","title":{"rendered":"SVR SEBIACLER GEL MOUSSANT PURIFIANT 200ML HYGI\u00c8NE QUOTIDIENNE"},"content":{"rendered":"<p><strong>INDICATION:<\/strong><\/p>\n<p>Peaux mixtes \u00e0 grasses<\/p>","protected":false},"excerpt":{"rendered":"<p>Nettoie et purifie en douceur le visage et le corps.<\/p>\n<p>D\u00e9sincruste les pores sans d\u00e9ss\u00e9cher la peau.<\/p>\n<p>Appliquer sur le visage humidifi\u00e9 et\/ou le corps.<\/p>\n<p>Faire mousser puis rincer.<\/p>","protected":false},"featured_media":23365,"template":"","meta":{"arc_restricted_post":false},"product_cat":[48,332],"product_tag":[],"_links":{"self":[{"href":"https:\/\/www.sopha-sahara.com\/en\/wp-json\/wp\/v2\/product\/23297"}],"collection":[{"href":"https:\/\/www.sopha-sahara.com\/en\/wp-json\/wp\/v2\/product"}],"about":[{"href":"https:\/\/www.sopha-sahara.com\/en\/wp-json\/wp\/v2\/types\/product"}],"wp:featuredmedia":[{"embeddable":true,"href":"https:\/\/www.sopha-sahara.com\/en\/wp-json\/wp\/v2\/media\/23365"}],"wp:attachment":[{"href":"https:\/\/www.sopha-sahara.com\/en\/wp-json\/wp\/v2\/media?parent=23297"}],"wp:term":[{"taxonomy":"product_cat","embeddable":true,"href":"https:\/\/www.sopha-sahara.com\/en\/wp-json\/wp\/v2\/product_cat?post=23297"},{"taxonomy":"product_tag","embeddable":true,"href":"https:\/\/www.sopha-sahara.com\/en\/wp-json\/wp\/v2\/product_tag?post=23297"}],"curies":[{"name":"wp","href":"https:\/\/api.w.org\/{rel}","templated":true}]}}