{"id":23296,"date":"2020-12-15T09:54:37","date_gmt":"2020-12-15T08:54:37","guid":{"rendered":"https:\/\/www.interbusinesschamber.com\/produit\/svr-clairial-peel-30ml-accelere-laction-des-soins-depigmentants\/"},"modified":"2020-12-29T11:53:52","modified_gmt":"2020-12-29T10:53:52","slug":"svr-clairial-peel-30ml-accelere-laction-des-soins-depigmentants","status":"publish","type":"product","link":"https:\/\/www.sopha-sahara.com\/en\/product\/svr-clairial-peel-30ml-accelere-laction-des-soins-depigmentants\/","title":{"rendered":"SVR CLAIRIAL PEEL 30ML ACC\u00c9L\u00c8RE L&rsquo;ACTION DES SOINS D\u00c9PIGMENTANTS"},"content":{"rendered":"<div><strong>Conseils d'utilisation :\u00a0<\/strong><\/div>\n<div>\u00a0<\/div>\n<div>Appliquer en massant l\u00e9g\u00e8rement sur les taches brunes (visage, cou, d\u00e9collet\u00e9, dos des mains).\u00a0<\/p>\n<p>En raison de sa formule concentr\u00e9e, Clairial Peel s'utilise seul, 3 soirs par semaine, non cons\u00e9cutifs.\u00a0<\/p><\/div>\n<div>\u00a0<\/div>\n<div><strong>Composition :\u00a0<\/strong><\/div>\n<div>\u00a0<\/div>\n<div>Formule INCI : Aqua, glycolic acid, citric acid, sodium hydroxyde, ascorbyl tetraisopalmitate, ammonium acryloyldimethyltaurate\/VP coplymer, arginine.<\/p>\n<p>Sans parfum.<\/p><\/div>","protected":false},"excerpt":{"rendered":"<div>Peeling concentr\u00e9 acc\u00e9l\u00e9rateur de d\u00e9pigmentation pour toutes les taches brunes (masques de grossesse, taches de photosensibilisation&#8230;).\u00a0<\/p>\n<p>Clairial c&rsquo;est toute une gamme de soins d\u00e9pigmentants TOP CHRONO pour une action efficace sur tous les types de taches brunes et pour tous les types de peaux. Clairial Peel agit de fa\u00e7on rapide et visible sur les taches brunes, gr\u00e2ce \u00e0 la synergie d&rsquo;action de l&rsquo;acide glycolique pur fortement concentr\u00e9 \u00e0 20 %, de l&rsquo;acide citrique \u00e0 10% et de la vitamine C optimis\u00e9e \u00e0 5%. Acc\u00e9l\u00e8re et optimise l&rsquo;activit\u00e9 de tous les actifs d\u00e9pigmentants.<\/p><\/div>\n<div>\u00a0<\/div>","protected":false},"featured_media":23338,"template":"","meta":{"arc_restricted_post":false},"product_cat":[48,332],"product_tag":[],"_links":{"self":[{"href":"https:\/\/www.sopha-sahara.com\/en\/wp-json\/wp\/v2\/product\/23296"}],"collection":[{"href":"https:\/\/www.sopha-sahara.com\/en\/wp-json\/wp\/v2\/product"}],"about":[{"href":"https:\/\/www.sopha-sahara.com\/en\/wp-json\/wp\/v2\/types\/product"}],"wp:featuredmedia":[{"embeddable":true,"href":"https:\/\/www.sopha-sahara.com\/en\/wp-json\/wp\/v2\/media\/23338"}],"wp:attachment":[{"href":"https:\/\/www.sopha-sahara.com\/en\/wp-json\/wp\/v2\/media?parent=23296"}],"wp:term":[{"taxonomy":"product_cat","embeddable":true,"href":"https:\/\/www.sopha-sahara.com\/en\/wp-json\/wp\/v2\/product_cat?post=23296"},{"taxonomy":"product_tag","embeddable":true,"href":"https:\/\/www.sopha-sahara.com\/en\/wp-json\/wp\/v2\/product_tag?post=23296"}],"curies":[{"name":"wp","href":"https:\/\/api.w.org\/{rel}","templated":true}]}}