{"id":23293,"date":"2020-12-15T09:54:37","date_gmt":"2020-12-15T08:54:37","guid":{"rendered":"https:\/\/www.interbusinesschamber.com\/produit\/svr-densitium-creme-50ml-soin-rafermissant\/"},"modified":"2020-12-29T11:50:50","modified_gmt":"2020-12-29T10:50:50","slug":"svr-densitium-creme-50ml-soin-rafermissant","status":"publish","type":"product","link":"https:\/\/www.sopha-sahara.com\/en\/product\/svr-densitium-creme-50ml-soin-rafermissant\/","title":{"rendered":"SVR DENSITIUM CREME 50ML SOIN RAFERMISSANT"},"content":{"rendered":"<p><strong>Indications :<\/strong><\/p>\n<p>D\u00e9di\u00e9 aux 45+<br \/>Peaux normales \u00e0 s\u00e8ches\u00a0<br \/>Rel\u00e2chement des traits du visage.\u00a0<br \/>Perte de fermet\u00e9.\u00a0<br \/>Rides.<\/p>\n<p><strong>Conseils d'utilisation :<\/strong><br \/>S\u2019utilise quotidiennement sur le visage et le cou.\u00a0<br \/>Agr\u00e9ablement parfum\u00e9e, sa texture ultra-nourrissante enrichie en Beurre de Karit\u00e9 et non collante permet le maquillage et apporte un confort \u00e0 la peau.<\/p>","protected":false},"excerpt":{"rendered":"<p>Soin Raffermissant Profond &#8211; Densitium 45+ Creme<br \/>Le BIO-CALCIUM*, complexe physiologique hautement assimilable par la peau, va r\u00e9activer la coh\u00e9sion cellulaire, restructurer profond\u00e9ment l\u2019\u00e9piderme et renforcer les tissus de soutien en prot\u00e9geant le collag\u00e8ne. Recharg\u00e9e en Calcium, la peau est plus ferme, plus forte et r\u00e9v\u00e8le une allure plus jeune.\u00a0<br \/>L\u2019Acide Hyaluronique ultra fragment\u00e9 p\u00e9n\u00e8tre plus rapidement et plus profond\u00e9ment dans la peau pour augmenter sa consistance et sa densit\u00e9. Les rides marqu\u00e9es s\u2019estompent et l\u2019ovale du visage est redessin\u00e9.\u00a0<\/p>\n<p>Texture douce et soyeuse\u00a0<br \/>Parfum tr\u00e8s agr\u00e9able<\/p>\n<p>R\u00e9sultats** : Peau plus lisse 69%. Peau confortable 74%. Peau hydrat\u00e9e 79%.\u00a0<br \/>La peau est plus tonique et r\u00e9ellement re-dynamis\u00e9e de l\u2019int\u00e9rieur.\u00a0<br \/>EFFICACITE PROUVEE. TESTEE SOUS CONTROLE DERMATOLOGIQUE.\u00a0<br \/>** % de satisfaction \u00e0 56 jours, test effectu\u00e9 sur 19 femmes.<\/p>\n<p>&nbsp;<\/p>","protected":false},"featured_media":23344,"template":"","meta":{"arc_restricted_post":false},"product_cat":[48,332],"product_tag":[],"_links":{"self":[{"href":"https:\/\/www.sopha-sahara.com\/en\/wp-json\/wp\/v2\/product\/23293"}],"collection":[{"href":"https:\/\/www.sopha-sahara.com\/en\/wp-json\/wp\/v2\/product"}],"about":[{"href":"https:\/\/www.sopha-sahara.com\/en\/wp-json\/wp\/v2\/types\/product"}],"wp:featuredmedia":[{"embeddable":true,"href":"https:\/\/www.sopha-sahara.com\/en\/wp-json\/wp\/v2\/media\/23344"}],"wp:attachment":[{"href":"https:\/\/www.sopha-sahara.com\/en\/wp-json\/wp\/v2\/media?parent=23293"}],"wp:term":[{"taxonomy":"product_cat","embeddable":true,"href":"https:\/\/www.sopha-sahara.com\/en\/wp-json\/wp\/v2\/product_cat?post=23293"},{"taxonomy":"product_tag","embeddable":true,"href":"https:\/\/www.sopha-sahara.com\/en\/wp-json\/wp\/v2\/product_tag?post=23293"}],"curies":[{"name":"wp","href":"https:\/\/api.w.org\/{rel}","templated":true}]}}