{"id":23292,"date":"2020-12-15T09:54:37","date_gmt":"2020-12-15T08:54:37","guid":{"rendered":"https:\/\/www.interbusinesschamber.com\/produit\/svr-densitium-contour-des-yeux-15ml-anti-rides-anti-poches-anti-cernes\/"},"modified":"2020-12-29T12:13:20","modified_gmt":"2020-12-29T11:13:20","slug":"svr-densitium-contour-des-yeux-15ml-anti-rides-anti-poches-anti-cernes","status":"publish","type":"product","link":"https:\/\/www.sopha-sahara.com\/en\/product\/svr-densitium-contour-des-yeux-15ml-anti-rides-anti-poches-anti-cernes\/","title":{"rendered":"SVR DENSITIUM CONTOUR DES YEUX 15ML ANTI-RIDES &#8211; ANTI-POCHES &#8211; ANTI-CERNES"},"content":{"rendered":"<div id=\"product_info_desc\">\n<h4>Propri\u00e9t\u00e9s<\/h4>\n<h4>Le Soin DENSITIUM 45+ pour le Contour des Yeux contient :<\/h4>\n<ul>\n<li><strong>Le Complexe Bio-Calcium<\/strong>\n<ul>\n<li>Il va stimuler les liaisons entre les cellules pour restructurer la peau et ainsi redensifier et renforcer les tissus de soutien.<\/li>\n<\/ul>\n<\/li>\n<li><strong>De l'Acide Hyaluronique<\/strong>\n<ul>\n<li>Il a la capacit\u00e9 d'attirer les mol\u00e9cules d'eau et de se gonfler pour lisser les rides.<\/li>\n<\/ul>\n<\/li>\n<li><strong>Du Sulfate de Dextran<\/strong>\n<ul>\n<li>Il d\u00e9congestionne les tissus et att\u00e9nue l'apparence des poches sous les yeux.<\/li>\n<\/ul>\n<\/li>\n<li><strong>Un Polym\u00e8re re-Tenseur<\/strong>\n<ul>\n<li>Il participe \u00e0 retendre les paupi\u00e8res.<\/li>\n<\/ul>\n<\/li>\n<li><strong>Un Acitf Anti-Cernes<\/strong>\n<ul>\n<li>Il va diminuer l'accumulation des pigments responsables de la couleur des cernes.<\/li>\n<\/ul>\n<\/li>\n<\/ul>\n<h4>R\u00e9sultats<\/h4>\n<p>Le Soin DENSITIUM 45+ pour le contour des yeux a une action compl\u00e8te pour vous permettre de retrouver un regard \u00e9clatant de jeunesse.<\/p><\/div>\n<div id=\"product_info_desc\">\n<h4>Conseils d'utilisation<\/h4>\n<p>Quotidiennement, matin et soir, tapotez sur zones de rides et massez sur les poches.<\/p><\/div>\n<div id=\"product_info_desc\">\n<h4>Liste des Ingr\u00e9dients<\/h4>\n<p>Aqua (Purified Water), Glycerin, Alumina, Hydrogenated Polydecene, Cetearyl Ethylhexanoate, Caprylic\/Capric Triglyceride, Calcium PCA, Sodium Acrylates Copolymer, Cyclopentasiloxane, Hyaluronic Acid, Sodium Dextran Sulfate, Tocopherol, Tocopheryl Acetate, Phospholipids, Helianthus Annuus (Sunflower) Seed Oil, N-Hydroxysuccinimide, Palmitoyl Oligopeptide, Palmitoyl Tetrapeptide-7, Chrysin, Xanthan Gum Crosspolymer, Polyglyceryl-10 Sterate, Steareth-20, Hydrogenated Polyisobutene, Hydroxyethylcellulose, Lactic Acid, Pentylene Glycol, Butylene Glycol, Sodium Bicarbonate, MICA, Chlorhexidine Digluconate, Potassium Sorbate, Methylparaben, Parfum, Citronnellol, Cl 77891.<\/p><\/div>","protected":false},"excerpt":{"rendered":"<p>\u00a0Le contour des yeux est la zone la plus fragile de notre visage car il poss\u00e8de la peau la plus fine, la plus pourvue en fibres musculaires et au contraire la plus pauvre en cellules graisseuses. Cette sp\u00e9cificit\u00e9 en fait la zone la premi\u00e8re touch\u00e9e par le rel\u00e2chement cutan\u00e9, l&rsquo;apparition des rides et les signes de fatigue d\u00e9s 45 ans. Les Laboratoires SVR mettent \u00e0 votre disposition un soin sp\u00e9cifique pour le contour des yeux dans la gamme DENSITIUM 45+.<\/p>\n<div id=\"product_info_desc\">\n<p>&nbsp;<\/p>\n<\/div>","protected":false},"featured_media":23342,"template":"","meta":{"arc_restricted_post":false},"product_cat":[48,332],"product_tag":[],"_links":{"self":[{"href":"https:\/\/www.sopha-sahara.com\/en\/wp-json\/wp\/v2\/product\/23292"}],"collection":[{"href":"https:\/\/www.sopha-sahara.com\/en\/wp-json\/wp\/v2\/product"}],"about":[{"href":"https:\/\/www.sopha-sahara.com\/en\/wp-json\/wp\/v2\/types\/product"}],"wp:featuredmedia":[{"embeddable":true,"href":"https:\/\/www.sopha-sahara.com\/en\/wp-json\/wp\/v2\/media\/23342"}],"wp:attachment":[{"href":"https:\/\/www.sopha-sahara.com\/en\/wp-json\/wp\/v2\/media?parent=23292"}],"wp:term":[{"taxonomy":"product_cat","embeddable":true,"href":"https:\/\/www.sopha-sahara.com\/en\/wp-json\/wp\/v2\/product_cat?post=23292"},{"taxonomy":"product_tag","embeddable":true,"href":"https:\/\/www.sopha-sahara.com\/en\/wp-json\/wp\/v2\/product_tag?post=23292"}],"curies":[{"name":"wp","href":"https:\/\/api.w.org\/{rel}","templated":true}]}}