{"id":23291,"date":"2020-12-15T09:54:37","date_gmt":"2020-12-15T08:54:37","guid":{"rendered":"https:\/\/www.interbusinesschamber.com\/produit\/svr-densitium-rose-eclat-50-ml-densitium-contour-des-yeux-15-ml-et-trousse-beaute-offerts\/"},"modified":"2020-12-29T11:51:21","modified_gmt":"2020-12-29T10:51:21","slug":"svr-densitium-rose-eclat-50-ml-densitium-contour-des-yeux-15-ml-et-trousse-beaute-offerts","status":"publish","type":"product","link":"https:\/\/www.sopha-sahara.com\/en\/product\/svr-densitium-rose-eclat-50-ml-densitium-contour-des-yeux-15-ml-et-trousse-beaute-offerts\/","title":{"rendered":"SVR DENSITIUM ROSE ECLAT 50 ML + DENSITIUM CONTOUR DES YEUX 15 ML ET TROUSSE BEAUT\u00c9 OFFERTS"},"content":{"rendered":"","protected":false},"excerpt":{"rendered":"<p>SVR Densitium Rose Eclat 50 ml + Densitium Contour des Yeux 15 ml et Trousse Beaut\u00e9 Offerts est un coffret contenant un programme anti-\u00e2ge et \u00e9clat d\u00e9di\u00e9 aux peaux matures au teint terne.<\/p>\n<p>La cr\u00e8me Densitium Rose Eclat est un soin dermatologique int\u00e9grant une double action anti-gravit\u00e9 et anti-jaunissement. Elle raffermit la peau et estompe les rides. Elle revitalise la peau et redonne de l&rsquo;\u00e9clat au teint. Ainsi, la peau retrouve son aspect ros\u00e9 naturel, elle est redensifi\u00e9e, le double menton est moins visible et les rides m\u00eame les plus profondes sont estomp\u00e9es.<\/p>\n<p>Le soin Contour des Yeux est un soin complet du contour de l&rsquo;\u0153il : il lutte efficacement contre les rides, les cernes et les poches et agit sur le rel\u00e2chement des paupi\u00e8res. Il est particuli\u00e8rement adapt\u00e9 \u00e0 la peau fine du contour des yeux.<\/p>\n<p>Cr\u00e8me : appliquer le matin sur l&rsquo;ensemble du visage et du cou, en insistant bien sur l&rsquo;ovale du visage et sur le coup par des mouvements allant de bas en haut.<\/p>\n<p>Cr\u00e8me Contour des yeux : matin et\/ou soir en tr\u00e8s petite quantit\u00e9 par tapotements l\u00e9gers sur le contour des yeux de l&rsquo;int\u00e9rieur vers l&rsquo;ext\u00e9rieur .<br \/>Pour les rides, insister sur la patte d&rsquo;oie.<br \/>Pour les poches, faire p\u00e9n\u00e9trer la cr\u00e8me en lissant la paupi\u00e8re inf\u00e9rieure.<\/p>","protected":false},"featured_media":23345,"template":"","meta":{"arc_restricted_post":false},"product_cat":[48,332],"product_tag":[],"_links":{"self":[{"href":"https:\/\/www.sopha-sahara.com\/en\/wp-json\/wp\/v2\/product\/23291"}],"collection":[{"href":"https:\/\/www.sopha-sahara.com\/en\/wp-json\/wp\/v2\/product"}],"about":[{"href":"https:\/\/www.sopha-sahara.com\/en\/wp-json\/wp\/v2\/types\/product"}],"wp:featuredmedia":[{"embeddable":true,"href":"https:\/\/www.sopha-sahara.com\/en\/wp-json\/wp\/v2\/media\/23345"}],"wp:attachment":[{"href":"https:\/\/www.sopha-sahara.com\/en\/wp-json\/wp\/v2\/media?parent=23291"}],"wp:term":[{"taxonomy":"product_cat","embeddable":true,"href":"https:\/\/www.sopha-sahara.com\/en\/wp-json\/wp\/v2\/product_cat?post=23291"},{"taxonomy":"product_tag","embeddable":true,"href":"https:\/\/www.sopha-sahara.com\/en\/wp-json\/wp\/v2\/product_tag?post=23291"}],"curies":[{"name":"wp","href":"https:\/\/api.w.org\/{rel}","templated":true}]}}