{"id":23290,"date":"2020-12-15T09:54:37","date_gmt":"2020-12-15T08:54:37","guid":{"rendered":"https:\/\/www.interbusinesschamber.com\/produit\/svr-sensifine-masque-50-ml-peaux-intolerante-et-poly-allergiques\/"},"modified":"2020-12-29T11:05:50","modified_gmt":"2020-12-29T10:05:50","slug":"svr-sensifine-masque-50-ml-peaux-intolerante-et-poly-allergiques","status":"publish","type":"product","link":"https:\/\/www.sopha-sahara.com\/en\/product\/svr-sensifine-masque-50-ml-peaux-intolerante-et-poly-allergiques\/","title":{"rendered":"SVR SENSIFINE MASQUE 50 ML PEAUX INTOL\u00c9RANTE ET POLY-ALLERGIQUES"},"content":{"rendered":"","protected":false},"excerpt":{"rendered":"<p>Le masque Sensifine\u00a0des laboratoires SVR s&rsquo;adresse aux\u00a0peaux intol\u00e9rantes et poly-allergiques\u00a0afin de les calmer lors d&rsquo;\u00e9pisodes d&rsquo;\u00e9chauffements intenses ou de s\u00e9cheresses s\u00e9v\u00e8res. Il\u00a0hydrate instantan\u00e9ment\u00a0par le biais de la pr\u00e9sence d&rsquo;actifs apaisants et nutritifs.<\/p>\n<p>Sa formule est compos\u00e9e d&rsquo;un minimum d&rsquo;ingr\u00e9dients assurant une\u00a0tol\u00e9rance maximale\u00a0pour les peaux sensibles. La Niacinamide, vitamine hydrosoluble du groupe B, est ultra-hydratante et permet de\u00a0lutter contre la s\u00e9cheresse s\u00e9v\u00e8re.Elle am\u00e9liore la fonction barri\u00e8re de la peau en stimulant la synth\u00e8se des lipides limitant ainsi la perte en eau et\u00a0stoppe l&rsquo;effet coup de feu. Ce masque Sensifine est enrichi d&rsquo;un complexe nutritif compos\u00e9 d&rsquo;huile de coton, riche en acides gras essentiels, qui offre ses\u00a0qualit\u00e9s \u00e9mollientes et adoucissantes, de beurre de karit\u00e9, riche en insaponifiables et vitamines,\u00a0 qui adoucit la peau et d&rsquo;agents \u00e9mollients.<br \/>Ce soin peut s&rsquo;utiliser en\u00a0masque minute\u00a0afin d&rsquo;en retirer les b\u00e9n\u00e9fices rapidement ou alors en\u00a0soin de nuit\u00a0pour laisser les actifs op\u00e9rer durant le sommeil. Il contribue \u00e0 diminuer la r\u00e9activit\u00e9 de la peau.<br \/>Dot\u00e9 d&rsquo;une texture gel-cr\u00e8me, ce masque se transforme en une\u00a0huile fort agr\u00e9able au pouvoir enveloppant.<\/p>","protected":false},"featured_media":23373,"template":"","meta":{"arc_restricted_post":false},"product_cat":[48,332],"product_tag":[],"_links":{"self":[{"href":"https:\/\/www.sopha-sahara.com\/en\/wp-json\/wp\/v2\/product\/23290"}],"collection":[{"href":"https:\/\/www.sopha-sahara.com\/en\/wp-json\/wp\/v2\/product"}],"about":[{"href":"https:\/\/www.sopha-sahara.com\/en\/wp-json\/wp\/v2\/types\/product"}],"wp:featuredmedia":[{"embeddable":true,"href":"https:\/\/www.sopha-sahara.com\/en\/wp-json\/wp\/v2\/media\/23373"}],"wp:attachment":[{"href":"https:\/\/www.sopha-sahara.com\/en\/wp-json\/wp\/v2\/media?parent=23290"}],"wp:term":[{"taxonomy":"product_cat","embeddable":true,"href":"https:\/\/www.sopha-sahara.com\/en\/wp-json\/wp\/v2\/product_cat?post=23290"},{"taxonomy":"product_tag","embeddable":true,"href":"https:\/\/www.sopha-sahara.com\/en\/wp-json\/wp\/v2\/product_tag?post=23290"}],"curies":[{"name":"wp","href":"https:\/\/api.w.org\/{rel}","templated":true}]}}