{"id":23289,"date":"2020-12-15T09:54:36","date_gmt":"2020-12-15T08:54:36","guid":{"rendered":"https:\/\/www.interbusinesschamber.com\/produit\/svr-sensifine-ar-creme-riche-40ml\/"},"modified":"2020-12-29T11:19:19","modified_gmt":"2020-12-29T10:19:19","slug":"svr-sensifine-ar-creme-riche-40ml","status":"publish","type":"product","link":"https:\/\/www.sopha-sahara.com\/en\/product\/svr-sensifine-ar-creme-riche-40ml\/","title":{"rendered":"SVR SENSIFINE AR CREME RICHE 40ML"},"content":{"rendered":"<p><strong>FORMULE :<\/strong><\/p>\n<p>Sa texture fondante enrichie en agents hydratants et \u00e9mollients garantit une hydratation 24H. Elle laisse sur la peau un fini non gras, non collant.<\/p>\n<p>Des actifs \u00e0 tr\u00e8s haute concentration pour une double action anti-rougeurs :<br \/>- 2.5% d\u2019Endoth\u00e9lyol \u00ae : Diminue les rougeurs, am\u00e9liore la microcirculation, r\u00e9duit l\u2019apparence des vaisseaux<br \/>- Extrait de r\u00e9glisse : Apaise et d\u00e9congestionne<br \/>- Agent thermor\u00e9gulateur nouvelle g\u00e9n\u00e9ration : Fra\u00eecheur longue dur\u00e9e +50%*<br \/>- Squalane v\u00e9g\u00e9tal et beurre de karit\u00e9 : Hydratent et nourrissent la peau en parfaite bio-affinit\u00e9<br \/>- Pigments verts : neutralisent optiquement les rougeurs<br \/>\u00a0<br \/>Une charte de formulation stricte adapt\u00e9e aux peaux les plus sensibles.<br \/>0% Paraben \u2013 Alcool \u2013 Parfum \u2013 Conservateur<\/p>\n<p>&nbsp;<\/p>\n<p><strong>CONSEILS D'UTILISATION :<\/strong><\/p>\n<p>Appliquer matin et\/ou soir par effleurages l\u00e9gers pour \u00e9viter d\u2019agresser la peau. Excellente base de maquillage.<\/p>","protected":false},"excerpt":{"rendered":"<p>INNOVATION &#8211; La 1\u00e8re(1) cr\u00e8me riche \u00e0 actif effet \u00ab coupe-feu \u00bb qui contr\u00f4le durablement les rougeurs ! Pour les peaux s\u00e8ches et sensibles \u00e0 tendance couperosique, le laboratoire SVR cr\u00e9e SENSIFINE AR Cr\u00e8me riche, la 1\u00e8re* cr\u00e8me riche anti-rougeurs anti-r\u00e9cidive. Elle calme instantan\u00e9ment et durablement les sensations d\u2019\u00e9chauffements tout en apportant fra\u00eecheur et confort \u00e0 la peau. Hautement concentr\u00e9e en extrait de r\u00e9glisse et en Endothelyol\u00ae, SENSIFINE AR Cr\u00e8me riche diminue l\u2019intensit\u00e9 des rougeurs et pr\u00e9vient leur r\u00e9apparition. Sa texture riche et hydratante 24H** en fera l\u2019alli\u00e9e des peaux s\u00e8ches \u00e0 tendance couperosique<\/p>","protected":false},"featured_media":23366,"template":"","meta":{"arc_restricted_post":false},"product_cat":[48,332],"product_tag":[],"_links":{"self":[{"href":"https:\/\/www.sopha-sahara.com\/en\/wp-json\/wp\/v2\/product\/23289"}],"collection":[{"href":"https:\/\/www.sopha-sahara.com\/en\/wp-json\/wp\/v2\/product"}],"about":[{"href":"https:\/\/www.sopha-sahara.com\/en\/wp-json\/wp\/v2\/types\/product"}],"wp:featuredmedia":[{"embeddable":true,"href":"https:\/\/www.sopha-sahara.com\/en\/wp-json\/wp\/v2\/media\/23366"}],"wp:attachment":[{"href":"https:\/\/www.sopha-sahara.com\/en\/wp-json\/wp\/v2\/media?parent=23289"}],"wp:term":[{"taxonomy":"product_cat","embeddable":true,"href":"https:\/\/www.sopha-sahara.com\/en\/wp-json\/wp\/v2\/product_cat?post=23289"},{"taxonomy":"product_tag","embeddable":true,"href":"https:\/\/www.sopha-sahara.com\/en\/wp-json\/wp\/v2\/product_tag?post=23289"}],"curies":[{"name":"wp","href":"https:\/\/api.w.org\/{rel}","templated":true}]}}