{"id":23288,"date":"2020-12-15T09:54:36","date_gmt":"2020-12-15T08:54:36","guid":{"rendered":"https:\/\/www.interbusinesschamber.com\/produit\/svr-sensifine-ar-creme-spf-50-50ml\/"},"modified":"2020-12-29T11:18:25","modified_gmt":"2020-12-29T10:18:25","slug":"svr-sensifine-ar-creme-spf-50-50ml","status":"publish","type":"product","link":"https:\/\/www.sopha-sahara.com\/en\/product\/svr-sensifine-ar-creme-spf-50-50ml\/","title":{"rendered":"SVR SENSIFINE AR CREME SPF 50+ 50ML"},"content":{"rendered":"<p><strong>CONSEILS D'UTILISATION :<\/strong><\/p>\n<div>Peut s\u2019utiliser seul ou par-dessus le soin quotidien.<\/div>\n<div>\u00a0<\/div>\n<div>Avant de s'exposer au soleil, appliquer une dose suffisante et homog\u00e8ne sur le visage. Renouveler fr\u00e9quemment l'application.<\/div>","protected":false},"excerpt":{"rendered":"<div>Rougeurs permanentes ou passag\u00e8res ? Petits vaisseaux apparents ? Votre peau r\u00e9clame un soin adapt\u00e9, surtout lorsqu\u2019elle est expos\u00e9e au soleil.<\/div>\n<div>\u00a0<\/div>\n<div>SVR cr\u00e9e SENSIFINE AR Cr\u00e8me SPF50+, tr\u00e8s haute protection apaisante anti-rougeurs, le 1er* soin 2 en 1 qui prot\u00e8ge et apaise les peaux r\u00e9actives \u00e0 tendance couperosique. Gr\u00e2ce \u00e0 ses actifs hautement concentr\u00e9s, il diminue l\u2019intensit\u00e9 des rougeurs et r\u00e9duit les sensations d\u2019\u00e9chauffements.<\/div>\n<div>\u00a0<\/div>\n<div>Il assure \u00e9galement une tr\u00e8s haute protection face aux UVA et UVB gr\u00e2ce \u00e0 ses filtres solaires SPF50+.<\/div>","protected":false},"featured_media":23367,"template":"","meta":{"arc_restricted_post":false},"product_cat":[48,332],"product_tag":[],"_links":{"self":[{"href":"https:\/\/www.sopha-sahara.com\/en\/wp-json\/wp\/v2\/product\/23288"}],"collection":[{"href":"https:\/\/www.sopha-sahara.com\/en\/wp-json\/wp\/v2\/product"}],"about":[{"href":"https:\/\/www.sopha-sahara.com\/en\/wp-json\/wp\/v2\/types\/product"}],"wp:featuredmedia":[{"embeddable":true,"href":"https:\/\/www.sopha-sahara.com\/en\/wp-json\/wp\/v2\/media\/23367"}],"wp:attachment":[{"href":"https:\/\/www.sopha-sahara.com\/en\/wp-json\/wp\/v2\/media?parent=23288"}],"wp:term":[{"taxonomy":"product_cat","embeddable":true,"href":"https:\/\/www.sopha-sahara.com\/en\/wp-json\/wp\/v2\/product_cat?post=23288"},{"taxonomy":"product_tag","embeddable":true,"href":"https:\/\/www.sopha-sahara.com\/en\/wp-json\/wp\/v2\/product_tag?post=23288"}],"curies":[{"name":"wp","href":"https:\/\/api.w.org\/{rel}","templated":true}]}}