{"id":23287,"date":"2020-12-15T09:54:36","date_gmt":"2020-12-15T08:54:36","guid":{"rendered":"https:\/\/www.interbusinesschamber.com\/produit\/svr-cicavit-sos-grattage-40ml\/"},"modified":"2020-12-29T12:03:37","modified_gmt":"2020-12-29T11:03:37","slug":"svr-cicavit-sos-grattage-40ml","status":"publish","type":"product","link":"https:\/\/www.sopha-sahara.com\/en\/product\/svr-cicavit-sos-grattage-40ml\/","title":{"rendered":"SVR CICAVIT+ SOS GRATTAGE 40ML"},"content":{"rendered":"<div><strong>FORMULE :<\/strong><\/div>\n<div>\n<div>Peaux sensibles irrit\u00e9es, s\u00e8ches \u00e0 tr\u00e8s s\u00e8ches ou \u00e0 tendance atopique \/ Peaux sujettes aux d\u00e9mangeaisons passag\u00e8res ou r\u00e9guli\u00e8res<\/div>\n<div>Enfants d\u00e8s 3 ans, adultes - Visage, corps, plis.\u00a0<\/div>\n<div>Test\u00e9 sous contr\u00f4le dermatologique - Hypoallerg\u00e9nique.\u00a0<\/div>\n<div>0% Paraben, parfum, colorant, huile min\u00e9rale<\/div>\n<div>Brume fine l\u00e9g\u00e8re et invisible, protectrice et filmog\u00e8ne \u00e0 effet froid<\/div>\n<div>Ne s\u2019\u00e9tale pas.<\/div>\n<div>0 massage, 0 contamination bact\u00e9rienne.<\/div>\n<\/div>\n<div>\u00a0<\/div>\n<div><strong>CONSEILS D'UTILISATION :<\/strong><\/div>\n<div>\n<div>Vaporiser sur la peau \u00e0 une distance minimale de 15 cm. Laisser p\u00e9n\u00e9trer le produit sans \u00e9taler.<\/div>\n<div>\u00a0<\/div>\n<div>Pour une application sur le visage, appliquer auparavant dans le creux de la main.<\/div>\n<\/div>","protected":false},"excerpt":{"rendered":"<div>Dites adieu aux d\u00e9mangeaisons gr\u00e2ce au 1er* spray apaisant \u00e0 l\u2019efficacit\u00e9 stop grattage imm\u00e9diate.<\/div>\n<div>CICAVIT+ SOS GRATTAGE, c\u2019est LE nouveau geste ultra-rapide qui calme les d\u00e9mangeaisons en moins de 30 secondes ! Une double action apaisante et anti-marques pour une peau r\u00e9par\u00e9e d\u00e8s la 1\u00e8re application.<\/div>\n<div>Hautement concentr\u00e9, permet jusqu\u2019\u00e0 80 applications.<\/div>\n<div>Visage, corps, plis<\/div>\n<div>Test\u00e9 sous contr\u00f4le dermatologique.<\/div>\n<div>\n<div>Envie de retrouver une qualit\u00e9 de vie ?<\/div>\n<div>S.O.S<\/div>\n<div>Les raisons du grattage sont diverses et multiples et touchent toute la famille, de l\u2019enfant \u00e0 l\u2019adulte : Atopie, irritations, grattage, s\u00e8cheresse s\u00e9v\u00e8re, piq\u00fbres\u2026<\/div>\n<div>Et si en 1 seul geste, un spray pouvait apaiser votre peau et vous aider \u00e0 retrouver une qualit\u00e9 de vie ?<\/div>\n<div>SVR innove et cr\u00e9e CICAVIT+ SOS Grattage, le 1er* spray apaisant \u00e0 effet froid qui stoppe imm\u00e9diatement le grattage<\/div>\n<div>+\u00a0 \u00a0 \u00a0 Un puissant soin 2-en-1 :<\/div>\n<div>Un stop grattage apaisant imm\u00e9diat<\/div>\n<div>Un soin r\u00e9parateur anti-marques<\/div>\n<div>+\u00a0 \u00a0 \u00a0 Une efficacit\u00e9 imm\u00e9diate en seulement 30 secondes pour une action anti-grattage instantan\u00e9e<\/div>\n<div>+\u00a0 \u00a0 \u00a0 Une prouesse formulatoire, ultra-concentr\u00e9e en complexe anti-irritations 15%\u00a0<\/div>\n<div>+\u00a0 \u00a0 \u00a0 0 massage 0 contamination<\/div>\n<div>Un produit nomade hautement concentr\u00e9 \u00e0 l\u2019application rapide et hygi\u00e9nique \u00e0 tout moment de la journ\u00e9e<\/div>\n<\/div>","protected":false},"featured_media":23331,"template":"","meta":{"arc_restricted_post":false},"product_cat":[48,332],"product_tag":[],"_links":{"self":[{"href":"https:\/\/www.sopha-sahara.com\/en\/wp-json\/wp\/v2\/product\/23287"}],"collection":[{"href":"https:\/\/www.sopha-sahara.com\/en\/wp-json\/wp\/v2\/product"}],"about":[{"href":"https:\/\/www.sopha-sahara.com\/en\/wp-json\/wp\/v2\/types\/product"}],"wp:featuredmedia":[{"embeddable":true,"href":"https:\/\/www.sopha-sahara.com\/en\/wp-json\/wp\/v2\/media\/23331"}],"wp:attachment":[{"href":"https:\/\/www.sopha-sahara.com\/en\/wp-json\/wp\/v2\/media?parent=23287"}],"wp:term":[{"taxonomy":"product_cat","embeddable":true,"href":"https:\/\/www.sopha-sahara.com\/en\/wp-json\/wp\/v2\/product_cat?post=23287"},{"taxonomy":"product_tag","embeddable":true,"href":"https:\/\/www.sopha-sahara.com\/en\/wp-json\/wp\/v2\/product_tag?post=23287"}],"curies":[{"name":"wp","href":"https:\/\/api.w.org\/{rel}","templated":true}]}}