{"id":23286,"date":"2020-12-15T09:54:36","date_gmt":"2020-12-15T08:54:36","guid":{"rendered":"https:\/\/www.interbusinesschamber.com\/produit\/svr-hydracid-c-50-masque-eclat-50-ml-mousse-micro-peeling-lissante-coup-declat\/"},"modified":"2020-12-29T11:44:22","modified_gmt":"2020-12-29T10:44:22","slug":"svr-hydracid-c-50-masque-eclat-50-ml-mousse-micro-peeling-lissante-coup-declat","status":"publish","type":"product","link":"https:\/\/www.sopha-sahara.com\/en\/product\/svr-hydracid-c-50-masque-eclat-50-ml-mousse-micro-peeling-lissante-coup-declat\/","title":{"rendered":"SVR HYDRACID C 50 MASQUE \u00c9CLAT 50 ML MOUSSE MICRO-PEELING LISSANTE &#038; COUP D&rsquo;\u00c9CLAT"},"content":{"rendered":"","protected":false},"excerpt":{"rendered":"<p>L\u2019\u00e9clat : une probl\u00e9matique universelle qui touche toutes les femmes quel que soit leur \u00e2ge, leur carnation ou leur phototype.<\/p>\n<p>Avec l\u2019\u00e2ge et sous l\u2019effet de facteurs ext\u00e9rieurs (UV, pollution, etc\u2026),\u00a0<strong>le capital \u00ab \u00e9clat \u00bb diminue, la peau se ternit, le teint devient gris.<\/strong><\/p>\n<p><strong>INNOVATION : SVR cr\u00e9e HYDRACID C50 MASQUE ECLAT<\/strong><\/p>\n<p>Pour la 1\u00e8re* fois, 50%** d\u2019actifs dans un masque illuminateur \u00e0 la texture mousse ultra-sensorielle unique.<\/p>\n<p><strong>&#8211; La plus haute concentration* en vitamine C***<\/strong>, actif \u00e9clat de r\u00e9f\u00e9rence, associ\u00e9e \u00e0 des actifs exclusifs retexturisants et repulpants : concentration record 50%**<\/p>\n<p>&#8211;\u00a0<strong>Innovation packaging<\/strong>\u00a0: le 1er* masque sous forme d\u2019a\u00e9rosol, le seul pack qui pr\u00e9serve et optimise l\u2019efficacit\u00e9 et les propri\u00e9t\u00e9s de la vitamine C<\/p>\n<p>&#8211;\u00a0<strong>Innovation texture et gestuelle<\/strong>\u00a0: le 1er* masque \u00e0 la texture mousse enveloppante et onctueuse pour une application facile et sensorielle<\/p>\n<p>&#8211;\u00a0<strong>Effet micro-peeling superficiel<\/strong>\u00a0: pour une transformation visible de la qualit\u00e9 de peau [\u00e9clat, uniformit\u00e9, grain de peau]<\/p>\n","protected":false},"featured_media":23348,"template":"","meta":{"arc_restricted_post":false},"product_cat":[48,332],"product_tag":[],"_links":{"self":[{"href":"https:\/\/www.sopha-sahara.com\/en\/wp-json\/wp\/v2\/product\/23286"}],"collection":[{"href":"https:\/\/www.sopha-sahara.com\/en\/wp-json\/wp\/v2\/product"}],"about":[{"href":"https:\/\/www.sopha-sahara.com\/en\/wp-json\/wp\/v2\/types\/product"}],"wp:featuredmedia":[{"embeddable":true,"href":"https:\/\/www.sopha-sahara.com\/en\/wp-json\/wp\/v2\/media\/23348"}],"wp:attachment":[{"href":"https:\/\/www.sopha-sahara.com\/en\/wp-json\/wp\/v2\/media?parent=23286"}],"wp:term":[{"taxonomy":"product_cat","embeddable":true,"href":"https:\/\/www.sopha-sahara.com\/en\/wp-json\/wp\/v2\/product_cat?post=23286"},{"taxonomy":"product_tag","embeddable":true,"href":"https:\/\/www.sopha-sahara.com\/en\/wp-json\/wp\/v2\/product_tag?post=23286"}],"curies":[{"name":"wp","href":"https:\/\/api.w.org\/{rel}","templated":true}]}}