{"id":23285,"date":"2020-12-15T09:54:36","date_gmt":"2020-12-15T08:54:36","guid":{"rendered":"https:\/\/www.interbusinesschamber.com\/produit\/svr-densitium-rose-eclat-creme-revitalisante-anti-gravite-50-ml\/"},"modified":"2020-12-29T11:43:55","modified_gmt":"2020-12-29T10:43:55","slug":"svr-densitium-rose-eclat-creme-revitalisante-anti-gravite-50-ml","status":"publish","type":"product","link":"https:\/\/www.sopha-sahara.com\/en\/product\/svr-densitium-rose-eclat-creme-revitalisante-anti-gravite-50-ml\/","title":{"rendered":"SVR DENSITIUM ROSE ECLAT CR\u00c8ME REVITALISANTE ANTI-GRAVIT\u00c9 50 ML"},"content":{"rendered":"","protected":false},"excerpt":{"rendered":"<div id=\"type_info_prio_11_1\">SVR Densitium Rose \u00c9clat Cr\u00e8me Revitalisante Anti-Gravit\u00e9 50 ml est le premier soin anti-\u00e2ge dermatologique int\u00e9grant une double action anti-gravit\u00e9 et anti-jaunissement.\u00a0<\/p>\n<p>Ce soin contient des actifs dermatologiques \u00e0 hautes doses :\u00a0<\/p>\n<p>&#8211; Acide Hyaluronique ultra-fragment\u00e9 + anti-gravit\u00e9 : estompent les rides et redonnent de la densit\u00e9 \u00e0 la peau.\u00a0<\/p>\n<p>&#8211; Bio-Calcium : restructure l&rsquo;\u00e9piderme et renforce les tissus de soutien.<\/p>\n<p>&#8211; Actif anti-teint terne : revitalise la peau et redonne \u00e9clat au teint.\u00a0<\/p>\n<p>Sa texture g\u00e9n\u00e9reuse, non-collante et agr\u00e9ablement parfum\u00e9e procure confort et fermet\u00e9.\u00a0<\/p>\n<p>Ce soin nutritif enrichi en pigments rose illumine instantan\u00e9ment et repulpe. La peau est durablement redensifi\u00e9e et revitalis\u00e9e.<\/p><\/div>\n<div>\u00a0<\/div>","protected":false},"featured_media":23347,"template":"","meta":{"arc_restricted_post":false},"product_cat":[48,332],"product_tag":[],"_links":{"self":[{"href":"https:\/\/www.sopha-sahara.com\/en\/wp-json\/wp\/v2\/product\/23285"}],"collection":[{"href":"https:\/\/www.sopha-sahara.com\/en\/wp-json\/wp\/v2\/product"}],"about":[{"href":"https:\/\/www.sopha-sahara.com\/en\/wp-json\/wp\/v2\/types\/product"}],"wp:featuredmedia":[{"embeddable":true,"href":"https:\/\/www.sopha-sahara.com\/en\/wp-json\/wp\/v2\/media\/23347"}],"wp:attachment":[{"href":"https:\/\/www.sopha-sahara.com\/en\/wp-json\/wp\/v2\/media?parent=23285"}],"wp:term":[{"taxonomy":"product_cat","embeddable":true,"href":"https:\/\/www.sopha-sahara.com\/en\/wp-json\/wp\/v2\/product_cat?post=23285"},{"taxonomy":"product_tag","embeddable":true,"href":"https:\/\/www.sopha-sahara.com\/en\/wp-json\/wp\/v2\/product_tag?post=23285"}],"curies":[{"name":"wp","href":"https:\/\/api.w.org\/{rel}","templated":true}]}}