{"id":23284,"date":"2020-12-15T09:54:36","date_gmt":"2020-12-15T08:54:36","guid":{"rendered":"https:\/\/www.interbusinesschamber.com\/produit\/svr-clairial-serum-correcteur-integral-anti-taches-eclat-30ml\/"},"modified":"2020-12-29T11:54:34","modified_gmt":"2020-12-29T10:54:34","slug":"svr-clairial-serum-correcteur-integral-anti-taches-eclat-30ml","status":"publish","type":"product","link":"https:\/\/www.sopha-sahara.com\/en\/product\/svr-clairial-serum-correcteur-integral-anti-taches-eclat-30ml\/","title":{"rendered":"SVR CLAIRIAL SERUM CORRECTEUR INTEGRAL ANTI-TACHES ECLAT 30ML"},"content":{"rendered":"<p><strong>composition<\/strong><br \/>formule inci:\u00a0<\/p>\n<p>aqua caprylic \/ capric triglyceride dimethicone ascorbyl tetraisopalmitate silica dicaprylyl carbnate butylene glycol boron nitride cetearyl alcohol propanediol bentonite ethylhexyl ferulate plankton extract diacetyl boldine glycerin sodium hyaluronate tocopherol tocopheryl acetate undecylenoyl phenylalanine 1.2 hexanediol acrylates c10\/30 alkyl acrylate crosspolymer caprylyl glycol pentylene glycol sodium hydroxide xanthan gum coco-glucoside parfum (fragrance).<\/p>","protected":false},"excerpt":{"rendered":"<p>svr perce le secret de la blancheur des paumes de mains.<br \/>texture blanche surfine gorg\u00e9e de cristaux liquides pour une hydratation prolong\u00e9e.<br \/>texture l\u00e9g\u00e8re \u00e0 la p\u00e9n\u00e9tration rapide.<br \/>texture ultra-plaisir confort imm\u00e9diat et durable.\u00a0<\/p>\n<p>conseils d&rsquo;utilisation<br \/>appliquez matin et\/ou soir sous votre cr\u00e8me.<br \/>tenir le tube verticalement et appuyer l\u00e9g\u00e9rement pour d\u00e9livrer 4 doses de s\u00e9rum.<br \/>visage d\u00e9collet\u00e9 mains.\u00a0<\/p>","protected":false},"featured_media":23339,"template":"","meta":{"arc_restricted_post":false},"product_cat":[48,332],"product_tag":[],"_links":{"self":[{"href":"https:\/\/www.sopha-sahara.com\/en\/wp-json\/wp\/v2\/product\/23284"}],"collection":[{"href":"https:\/\/www.sopha-sahara.com\/en\/wp-json\/wp\/v2\/product"}],"about":[{"href":"https:\/\/www.sopha-sahara.com\/en\/wp-json\/wp\/v2\/types\/product"}],"wp:featuredmedia":[{"embeddable":true,"href":"https:\/\/www.sopha-sahara.com\/en\/wp-json\/wp\/v2\/media\/23339"}],"wp:attachment":[{"href":"https:\/\/www.sopha-sahara.com\/en\/wp-json\/wp\/v2\/media?parent=23284"}],"wp:term":[{"taxonomy":"product_cat","embeddable":true,"href":"https:\/\/www.sopha-sahara.com\/en\/wp-json\/wp\/v2\/product_cat?post=23284"},{"taxonomy":"product_tag","embeddable":true,"href":"https:\/\/www.sopha-sahara.com\/en\/wp-json\/wp\/v2\/product_tag?post=23284"}],"curies":[{"name":"wp","href":"https:\/\/api.w.org\/{rel}","templated":true}]}}