{"id":23283,"date":"2020-12-15T09:54:36","date_gmt":"2020-12-15T08:54:36","guid":{"rendered":"https:\/\/www.interbusinesschamber.com\/produit\/svr-liftiane-creme-anti-ride-40ml\/"},"modified":"2020-12-29T11:35:05","modified_gmt":"2020-12-29T10:35:05","slug":"svr-liftiane-creme-anti-ride-40ml","status":"publish","type":"product","link":"https:\/\/www.sopha-sahara.com\/en\/product\/svr-liftiane-creme-anti-ride-40ml\/","title":{"rendered":"SVR LIFTIANE CREME ANTI RIDE 40ML"},"content":{"rendered":"<p>liftiane c\u2019est l\u2019association de 2 actifs anti-\u00e2ge ultra-puissants \u00e0 la plus haute concentration:<\/p>\n<p>le resv\u00e9ratrol pur de derni\u00e8re g\u00e9n\u00e9ration :<\/p>\n<p>\u2022 anti-oxydant puissant pour combattre les radicaux libres<\/p>\n<p>\u2022 activateur des sirtuines prot\u00e9ines de long\u00e9vit\u00e9 cellulaire pour un effet anti-\u00e2ge global<\/p>\n<p>deux acides hyaluroniques ultra-compl\u00e9mentaires :<\/p>\n<p>\u2022 de haut poids mol\u00e9culaire pour un micro-comblement imm\u00e9diat<\/p>\n<p>\u2022 de moyen poids mol\u00e9culaire pour un effet r\u00e9g\u00e9n\u00e9rant anti-\u00e2ge<\/p>\n<p>liftiane c\u2019est 4 formules ultra-sensorielles et addictives d\u00e9licatement parfum\u00e9es de notes florales poudr\u00e9es musqu\u00e9es sans allerg\u00e8ne et 100% respectueuses des peaux sensibles.<\/p>\n<p>&nbsp;<\/p>\n<p>&nbsp;<\/p>\n<p>&nbsp;<\/p>\n<h2>\u00a0<\/h2>","protected":false},"excerpt":{"rendered":"<p>le laboratoire svr cr\u00e9e liftiane la r\u00e9ponse anti-rides et fermet\u00e9 qui combat tous les signes du vieillissement cutan\u00e9 pour des r\u00e9sultats visibles d\u00e8s 7 jours. liftiane creme comble de fa\u00e7on visible les rides et raffermit la peau.\u00a0<\/p>\n<p>d\u00e8s la premi\u00e8re semaine la peau est plus lisse et plus lumineuse.\u00a0<\/p>\n<p>d\u00e8s 1 mois la peau est plus ferme et plus dense les rides sont att\u00e9nu\u00e9es.<\/p>","protected":false},"featured_media":23352,"template":"","meta":{"arc_restricted_post":false},"product_cat":[48,332],"product_tag":[],"_links":{"self":[{"href":"https:\/\/www.sopha-sahara.com\/en\/wp-json\/wp\/v2\/product\/23283"}],"collection":[{"href":"https:\/\/www.sopha-sahara.com\/en\/wp-json\/wp\/v2\/product"}],"about":[{"href":"https:\/\/www.sopha-sahara.com\/en\/wp-json\/wp\/v2\/types\/product"}],"wp:featuredmedia":[{"embeddable":true,"href":"https:\/\/www.sopha-sahara.com\/en\/wp-json\/wp\/v2\/media\/23352"}],"wp:attachment":[{"href":"https:\/\/www.sopha-sahara.com\/en\/wp-json\/wp\/v2\/media?parent=23283"}],"wp:term":[{"taxonomy":"product_cat","embeddable":true,"href":"https:\/\/www.sopha-sahara.com\/en\/wp-json\/wp\/v2\/product_cat?post=23283"},{"taxonomy":"product_tag","embeddable":true,"href":"https:\/\/www.sopha-sahara.com\/en\/wp-json\/wp\/v2\/product_tag?post=23283"}],"curies":[{"name":"wp","href":"https:\/\/api.w.org\/{rel}","templated":true}]}}