{"id":23282,"date":"2020-12-15T09:54:36","date_gmt":"2020-12-15T08:54:36","guid":{"rendered":"https:\/\/www.interbusinesschamber.com\/produit\/svr-topialyse-baume-intensif-soin-relipidant-anti-irritations-400ml-topialyse-baume-lavant-200ml-offert\/"},"modified":"2020-12-29T10:54:59","modified_gmt":"2020-12-29T09:54:59","slug":"svr-topialyse-baume-intensif-soin-relipidant-anti-irritations-400ml-topialyse-baume-lavant-200ml-offert","status":"publish","type":"product","link":"https:\/\/www.sopha-sahara.com\/en\/product\/svr-topialyse-baume-intensif-soin-relipidant-anti-irritations-400ml-topialyse-baume-lavant-200ml-offert\/","title":{"rendered":"SVR TOPIALYSE BAUME INTENSIF SOIN RELIPIDANT ANTI-IRRITATIONS 400ML + TOPIALYSE BAUME LAVANT 200ML OFFERT"},"content":{"rendered":"<p><strong>FORMULE :<\/strong><\/p>\n<p>Formule minimaliste - Tol\u00e9rance optimale<br \/>20 ingr\u00e9dients s\u00e9lectionn\u00e9s pour leur efficacit\u00e9 et leur innocuit\u00e9<br \/>La plus haute concentration* en phase \u00e9molliente<br \/>46%, dont 10% d\u2019huile de coton, source d\u2019Om\u00e9gas 3,6 et 9 pour relipider et restaurer la barri\u00e8re cutan\u00e9e<br \/>La plus haute concentration* en actif apaisant anti-irritations<br \/>4% Niacinamide, actif de r\u00e9f\u00e9rence dans le domaine m\u00e9dical<br \/>Un sucre pr\u00e9biotique pour r\u00e9\u00e9quilibrer la flore cutan\u00e9e<br \/>Peaux s\u00e8ches \u00e0 atopiques. S\u00e9cheresse et grattage s\u00e9v\u00e8res.<br \/>Nourrisson, enfant, adulte. Convient d\u00e8s la naissance, hors pr\u00e9matur\u00e9s.<br \/>Test\u00e9 sous contr\u00f4le dermato-p\u00e9diatrique.<br \/>100% test\u00e9 sur peaux sensibles. Hypoallerg\u00e9nique.<br \/>Sans huile min\u00e9rale. Sans allerg\u00e8ne. Sans BHT. Sans conservateur. Sans MIT. Sans paraben. Sans colorant. Sans silicone. Sans parfum.<br \/>ACTIFS DERMATOLOGIQUES DE R\u00c9F\u00c9RENCE \u00c0 LA PLUS HAUTE CONCENTRATION<br \/>46% Phase \u00e9molliente : relipide, nourrit et restaure la barri\u00e8re cutan\u00e9e<br \/>10% huile de coton : source d\u2019Om\u00e9gas 3, 6 et 9, nourrit, r\u00e9pare et r\u00e9g\u00e9n\u00e8re<br \/>6% huile de coco : source d\u2019Om\u00e9gas 6 et 9, assouplit, rend la peau soyeuse et d\u00e9pose un subtile voile parfum\u00e9<br \/>Beurre de Babassu : \u00ab silicone-like \u00bb v\u00e9g\u00e9tal fond sur la peau, favorise un \u00e9talement agr\u00e9able du baume tout en procurant nutrition et confort<br \/>Glyc\u00e9rine v\u00e9g\u00e9tale : humectant et hydratant<br \/>4% Niacinamide : apaise intens\u00e9ment les irritations, hydrate et restructure la barri\u00e8re cutan\u00e9e<br \/>Sucre pr\u00e9biotique double action: restaure l\u2019\u00e9quilibre du microbiome et renforce les d\u00e9fenses naturelles.<\/p>\n<p>&nbsp;<\/p>\n<p><strong>CONSEILS D'UTILISATION :<\/strong><\/p>\n<p>Appliquer sur l\u2019ensemble du visage et\/ou du corps pr\u00e9alablement nettoy\u00e9 avec TOPIALYSE Cr\u00e8me Lavante, en insistant sur les zones tr\u00e8s s\u00e8ches et irrit\u00e9es.<br \/>A utiliser en cas de crises de d\u00e9mangeaisons, d\u2019irritations et de s\u00e9cheresses s\u00e9v\u00e8res.<br \/>En relais, appliquer TOPIALYSE Cr\u00e8me Emolliente.<\/p>","protected":false},"excerpt":{"rendered":"<p>Soin relipidant anti-irritations s\u00e9cheresse et grattage s\u00e9v\u00e8res<br \/>Topialyse Baume Intensif est le 1er soin relipidant anti-allergie, irritations, s\u00e9cheresse et grattage s\u00e9v\u00e8res qui soulage durablement les peaux s\u00e8ches atopiques.<\/p>\n<p>Innovation efficacit\u00e9 48H***<br \/>Pour la 1\u00e8re fois, une action anti-grattage prolong\u00e9e<br \/>1 seule application tous les 2 jours<br \/>*Chez SVR<br \/>**Diminue les sensations de grattage. Auto-\u00e9valuation, 22 volontaires.<br \/>***Etude clinique sur 22 volontaires apr\u00e8s 21 jours, auto-\u00e9valuation<\/p>","protected":false},"featured_media":23411,"template":"","meta":{"arc_restricted_post":false},"product_cat":[48,332],"product_tag":[],"_links":{"self":[{"href":"https:\/\/www.sopha-sahara.com\/en\/wp-json\/wp\/v2\/product\/23282"}],"collection":[{"href":"https:\/\/www.sopha-sahara.com\/en\/wp-json\/wp\/v2\/product"}],"about":[{"href":"https:\/\/www.sopha-sahara.com\/en\/wp-json\/wp\/v2\/types\/product"}],"wp:featuredmedia":[{"embeddable":true,"href":"https:\/\/www.sopha-sahara.com\/en\/wp-json\/wp\/v2\/media\/23411"}],"wp:attachment":[{"href":"https:\/\/www.sopha-sahara.com\/en\/wp-json\/wp\/v2\/media?parent=23282"}],"wp:term":[{"taxonomy":"product_cat","embeddable":true,"href":"https:\/\/www.sopha-sahara.com\/en\/wp-json\/wp\/v2\/product_cat?post=23282"},{"taxonomy":"product_tag","embeddable":true,"href":"https:\/\/www.sopha-sahara.com\/en\/wp-json\/wp\/v2\/product_tag?post=23282"}],"curies":[{"name":"wp","href":"https:\/\/api.w.org\/{rel}","templated":true}]}}