{"id":23281,"date":"2020-12-15T09:54:35","date_gmt":"2020-12-15T08:54:35","guid":{"rendered":"https:\/\/www.interbusinesschamber.com\/produit\/svr-sensifine-ar-soin-intensif-hydratant-apaisant-anti-rougeurs-40-ml\/"},"modified":"2020-12-29T11:16:01","modified_gmt":"2020-12-29T10:16:01","slug":"svr-sensifine-ar-soin-intensif-hydratant-apaisant-anti-rougeurs-40-ml","status":"publish","type":"product","link":"https:\/\/www.sopha-sahara.com\/en\/product\/svr-sensifine-ar-soin-intensif-hydratant-apaisant-anti-rougeurs-40-ml\/","title":{"rendered":"SVR SENSIFINE AR SOIN INTENSIF HYDRATANT APAISANT ANTI-ROUGEURS 40 ML"},"content":{"rendered":"<p><strong>Ingr\u00e9dients :\u00a0<\/strong><\/p>\n<p>Aqua (Purified Water), Caprylic\/Capric Triglyceride, Butyrospermum Parkii (Shea) butter, Glycerin, Behenyl Alcohol, Silica, Squalane, Arachidyl Alcohol, Glyceryl Stearate, Caffeyl Glucoside, Carbomer, CI 10020, CI 42090, Dipotassium Glycyrrhizate, Gallyl Glucoside, Methyl Diisopropyl, Propionamide, Rosmarinyl Glucoside, Sodium Sulfate, Saccharide Isomerate, 12-Hexanediol, Arachidyl Gucoside, Caprylyl Glycol, Citric Acid, Methyl Methacrylate Crosspolymer, Pentylene Glycol, Sodium Citrate, Sodium Hydroxide.<\/p>\n<p><strong>Conseils d'utilisation :\u00a0<\/strong><\/p>\n<p>Appliquer matin et\/ou soir sur peau nettoy\u00e9e. Excellente base de maquillage.<\/p>\n<p>Contenance :\u00a040 ml<\/p>","protected":false},"excerpt":{"rendered":"<p>Le soin intensif SVR Sensifine AR est indiqu\u00e9 en cas de\u00a0rougeurs permanentes ou passag\u00e8res, de\u00a0petits vaisseaux apparents. Sa texture gel-cr\u00e8me frais\u00a0calme instantan\u00e9ment et durablement les sensations d&rsquo;\u00e9chauffements et de rougeurs et pr\u00e9vient leur r\u00e9apparition.<\/p>\n<p>Gr\u00e2ce \u00e0 ses pigments verts, elle\u00a0neutralise les rougeurs et unifie votre teint pour vous offrir\u00a0un confort imm\u00e9diat.<\/p>\n<p><em>Hypoallerg\u00e9nique &#8211; non com\u00e9dog\u00e8ne &#8211; sans paraben<\/em>\u00a0<\/p>","protected":false},"featured_media":23412,"template":"","meta":{"arc_restricted_post":false},"product_cat":[48,332],"product_tag":[],"_links":{"self":[{"href":"https:\/\/www.sopha-sahara.com\/en\/wp-json\/wp\/v2\/product\/23281"}],"collection":[{"href":"https:\/\/www.sopha-sahara.com\/en\/wp-json\/wp\/v2\/product"}],"about":[{"href":"https:\/\/www.sopha-sahara.com\/en\/wp-json\/wp\/v2\/types\/product"}],"wp:featuredmedia":[{"embeddable":true,"href":"https:\/\/www.sopha-sahara.com\/en\/wp-json\/wp\/v2\/media\/23412"}],"wp:attachment":[{"href":"https:\/\/www.sopha-sahara.com\/en\/wp-json\/wp\/v2\/media?parent=23281"}],"wp:term":[{"taxonomy":"product_cat","embeddable":true,"href":"https:\/\/www.sopha-sahara.com\/en\/wp-json\/wp\/v2\/product_cat?post=23281"},{"taxonomy":"product_tag","embeddable":true,"href":"https:\/\/www.sopha-sahara.com\/en\/wp-json\/wp\/v2\/product_tag?post=23281"}],"curies":[{"name":"wp","href":"https:\/\/api.w.org\/{rel}","templated":true}]}}