{"id":23280,"date":"2020-12-15T09:54:35","date_gmt":"2020-12-15T08:54:35","guid":{"rendered":"https:\/\/www.interbusinesschamber.com\/produit\/svr-sensifine-ar-eau-micellaire-200-ml\/"},"modified":"2020-12-29T11:16:43","modified_gmt":"2020-12-29T10:16:43","slug":"svr-sensifine-ar-eau-micellaire-200-ml","status":"publish","type":"product","link":"https:\/\/www.sopha-sahara.com\/en\/product\/svr-sensifine-ar-eau-micellaire-200-ml\/","title":{"rendered":"SVR SENSIFINE AR EAU MICELLAIRE 200 ML"},"content":{"rendered":"<p><strong>FORMULE :<\/strong><\/p>\n<p>Une charte de formulation stricte adapt\u00e9e aux peaux les plus sensibles.\u00a0<\/p>\n<p>0% Parfum \u2013 Paraben \u2013 Alcool \u2013 Silicone \u2013 Huile min\u00e9rale \u2013 Conservateur<br \/>Ce nettoyant d\u00e9maquillant est adapt\u00e9 \u00e0 toutes les peaux, m\u00eame les plus sensibles.\u00a0<br \/>Une formule \u00e0 base de tensio-actifs ultra-doux, de Niacinamide apaisante et d\u2019agents hydratants.<\/p>\n<p>&nbsp;<\/p>\n<p><strong>R\u00c9SULTATS :<\/strong><\/p>\n<p>EFFICACIT\u00c9 PROUV\u00c9E SUR PEAUX R\u00c9ACTIVES A TENDANCE COUPEROSIQUE<\/p>\n<p>Pour un d\u00e9maquillage agr\u00e9able tout en douceur :\u00a0<br \/>\u2022\u00a0\u00a0 \u00a0Nettoie la peau en douceur *: 95%<br \/>\u2022\u00a0\u00a0 \u00a0R\u00e9duit les sensations de tiraillement:*:: 90%<br \/>\u2022\u00a0\u00a0 \u00a0Apaise les sensations d\u2019\u00e9chauffement*: : 80%<br \/>\u2022\u00a0\u00a0 \u00a0Calme imm\u00e9diatement la peau*:: 80%<\/p>\n<p>&nbsp;<\/p>\n<p><strong>CONSEILS D'UTILISATION :<\/strong><\/p>\n<p>Imbiber g\u00e9n\u00e9reusement un coton et laisser poser quelques secondes sur les zones sujettes aux rougeurs pour les rafra\u00eechir. Puis lisser d\u00e9licatement pour retirer maquillage et impuret\u00e9s. SENSIFINE AR Eau micellaire d\u00e9maquille aussi bien le visage que les yeux et les l\u00e8vres.<\/p>","protected":false},"excerpt":{"rendered":"<p>Pour les peaux sujettes aux rougeurs, le laboratoire SVR cr\u00e9e SENSIFINE AR eau micellaire. Un nettoyant d\u00e9maquillant apaisant anti-rougeurs qui d\u00e9maquille en douceur le visage, les yeux et les l\u00e8vres. Ultra-douce pour la peau, il est intraitable avec les maquillages les plus tenaces, m\u00eame waterproof !\u00a0<\/p>\n<p>Efficacit\u00e9 et tol\u00e9rance test\u00e9es sur peaux sensibles, r\u00e9actives, couperosiques.\u00a0<br \/>Convient aux porteurs de lentilles. Hypoallerg\u00e9nique.<\/p>","protected":false},"featured_media":23368,"template":"","meta":{"arc_restricted_post":false},"product_cat":[48,332],"product_tag":[],"_links":{"self":[{"href":"https:\/\/www.sopha-sahara.com\/en\/wp-json\/wp\/v2\/product\/23280"}],"collection":[{"href":"https:\/\/www.sopha-sahara.com\/en\/wp-json\/wp\/v2\/product"}],"about":[{"href":"https:\/\/www.sopha-sahara.com\/en\/wp-json\/wp\/v2\/types\/product"}],"wp:featuredmedia":[{"embeddable":true,"href":"https:\/\/www.sopha-sahara.com\/en\/wp-json\/wp\/v2\/media\/23368"}],"wp:attachment":[{"href":"https:\/\/www.sopha-sahara.com\/en\/wp-json\/wp\/v2\/media?parent=23280"}],"wp:term":[{"taxonomy":"product_cat","embeddable":true,"href":"https:\/\/www.sopha-sahara.com\/en\/wp-json\/wp\/v2\/product_cat?post=23280"},{"taxonomy":"product_tag","embeddable":true,"href":"https:\/\/www.sopha-sahara.com\/en\/wp-json\/wp\/v2\/product_tag?post=23280"}],"curies":[{"name":"wp","href":"https:\/\/api.w.org\/{rel}","templated":true}]}}