{"id":23279,"date":"2020-12-15T09:54:35","date_gmt":"2020-12-15T08:54:35","guid":{"rendered":"https:\/\/www.interbusinesschamber.com\/produit\/svr-solaire-sun-secure-creme-confort-peaux-hypersensibles-au-soleil-spf50-50ml\/"},"modified":"2020-12-29T11:03:01","modified_gmt":"2020-12-29T10:03:01","slug":"svr-solaire-sun-secure-creme-confort-peaux-hypersensibles-au-soleil-spf50-50ml","status":"publish","type":"product","link":"https:\/\/www.sopha-sahara.com\/en\/product\/svr-solaire-sun-secure-creme-confort-peaux-hypersensibles-au-soleil-spf50-50ml\/","title":{"rendered":"SVR SOLAIRE SUN SECURE CREME CONFORT PEAUX HYPERSENSIBLES AU SOLEIL SPF50+ 50ML"},"content":{"rendered":"<div class=\"title-border\">\n<h3 class=\"h2\">Conseils d'utilisation<\/h3>\n<\/div>\n<div class=\"std\">\n<p>Avant de s\u2019exposer au soleil, appliquer une dose suffisante et homog\u00e8ne pour couvrir le visage.\u00a0<br \/>Renouveler fr\u00e9quemment l\u2019application. Lire attentivement la notice.<\/p>\n<\/div>","protected":false},"excerpt":{"rendered":"<p>SVR<br \/>Sun secure<br \/>Cr\u00e8me confort fini invisible<br \/>Peaux hypersensibles au soleil<br \/>B\u00e9b\u00e9, enfant, adulte<br \/>SPF50+ UVB + UVA<br \/>50ml<\/p>\n<p>SVR Sun secure est une cr\u00e8me confort au fini invisible et au toucher non gras, particuli\u00e8rement adapt\u00e9e aux peaux normales \u00e0 s\u00e8ches.\u00a0<br \/>Sa texture velours fond sur la peau et p\u00e9n\u00e8tre rapidement.\u00a0<br \/>Elle r\u00e9siste \u00e0 l\u2019eau, \u00e0 la transpiration et aux frottements pour une protection optimale.<br \/>Elle est parfaitement adapt\u00e9e au visage des peaux hypersensibles au soleil de toute la famille : b\u00e9b\u00e9, enfant, adulte.\u00a0<br \/>Son d\u00e9licat parfum d\u2019\u00e9t\u00e9 et sa texture onctueuse en feront l\u2019alli\u00e9 de toute la famille.\u00a0<\/p>","protected":false},"featured_media":23376,"template":"","meta":{"arc_restricted_post":false},"product_cat":[48,332],"product_tag":[],"_links":{"self":[{"href":"https:\/\/www.sopha-sahara.com\/en\/wp-json\/wp\/v2\/product\/23279"}],"collection":[{"href":"https:\/\/www.sopha-sahara.com\/en\/wp-json\/wp\/v2\/product"}],"about":[{"href":"https:\/\/www.sopha-sahara.com\/en\/wp-json\/wp\/v2\/types\/product"}],"wp:featuredmedia":[{"embeddable":true,"href":"https:\/\/www.sopha-sahara.com\/en\/wp-json\/wp\/v2\/media\/23376"}],"wp:attachment":[{"href":"https:\/\/www.sopha-sahara.com\/en\/wp-json\/wp\/v2\/media?parent=23279"}],"wp:term":[{"taxonomy":"product_cat","embeddable":true,"href":"https:\/\/www.sopha-sahara.com\/en\/wp-json\/wp\/v2\/product_cat?post=23279"},{"taxonomy":"product_tag","embeddable":true,"href":"https:\/\/www.sopha-sahara.com\/en\/wp-json\/wp\/v2\/product_tag?post=23279"}],"curies":[{"name":"wp","href":"https:\/\/api.w.org\/{rel}","templated":true}]}}