{"id":23278,"date":"2020-12-15T09:54:35","date_gmt":"2020-12-15T08:54:35","guid":{"rendered":"https:\/\/www.interbusinesschamber.com\/produit\/svr-clairial-cc-creme-correcteur-unifiant-anti-taches-light-spf50-40-ml\/"},"modified":"2020-12-29T12:04:31","modified_gmt":"2020-12-29T11:04:31","slug":"svr-clairial-cc-creme-correcteur-unifiant-anti-taches-light-spf50-40-ml","status":"publish","type":"product","link":"https:\/\/www.sopha-sahara.com\/en\/product\/svr-clairial-cc-creme-correcteur-unifiant-anti-taches-light-spf50-40-ml\/","title":{"rendered":"SVR CLAIRIAL CC CR\u00c8ME CORRECTEUR UNIFIANT ANTI-TACHES LIGHT SPF50+ 40 ML"},"content":{"rendered":"<h4 class=\"productpage-directions\">CONSEILS D'UTILISATION<\/h4>\n<p class=\"productpage-directions-content\">Appliquer SVR CLAIRIAL CC Cr\u00e8me SPF50+ le matin, uniform\u00e9ment sur le visage et le cou, seul ou sur votre soin quotidien. Utiliser en compl\u00e9ment les produits de la gamme CLAIRIAL pour une efficacit\u00e9 anti-taches renforc\u00e9e<\/p>","protected":false},"excerpt":{"rendered":"<p>CLAIRIAL CC CREME SPF50+ est la nouvelle g\u00e9n\u00e9ration de CC Cr\u00e8me tout-en-un qui allie l&rsquo;efficacit\u00e9 d&rsquo;un anti-taches hydratant et la couvrance d&rsquo;un fond de teint universel, pour \u00eatre belle instantan\u00e9ment ! C&rsquo;est aussi la CC Cr\u00e8me avec une tr\u00e8s haute protection solaire dans une texture ultra-fluide : 100% plaisir pour une peau 100% prot\u00e9g\u00e9e*** !<\/p>\n<p>Un seul geste, 4 actions :<br \/>1. Hydrate la peau.<br \/>2. Unifie instantan\u00e9ment en camouflant taches et irr\u00e9gularit\u00e9s colorielles.<br \/>3. Corrige et r\u00e9duit les taches intens\u00e9ment.<br \/>4. Prot\u00e8ge des UV et pr\u00e9vient la r\u00e9apparition des taches.<\/p>\n<p>Le r\u00e9sultat ? Une peau radieuse, objectif z\u00e9ro d\u00e9faut ! Imm\u00e9diatement, hydrat\u00e9e, prot\u00e9g\u00e9e, la peau rayonne. Visiblement unifi\u00e9, le teint s&rsquo;illumine. Jour apr\u00e8s jour, les taches s&rsquo;estompent pour r\u00e9v\u00e9ler une peau parfaite. Constamment prot\u00e9g\u00e9e des UV***, la peau est plus uniforme, les taches ne r\u00e9apparaissent pas.<\/p>","protected":false},"featured_media":23332,"template":"","meta":{"arc_restricted_post":false},"product_cat":[48,332],"product_tag":[],"_links":{"self":[{"href":"https:\/\/www.sopha-sahara.com\/en\/wp-json\/wp\/v2\/product\/23278"}],"collection":[{"href":"https:\/\/www.sopha-sahara.com\/en\/wp-json\/wp\/v2\/product"}],"about":[{"href":"https:\/\/www.sopha-sahara.com\/en\/wp-json\/wp\/v2\/types\/product"}],"wp:featuredmedia":[{"embeddable":true,"href":"https:\/\/www.sopha-sahara.com\/en\/wp-json\/wp\/v2\/media\/23332"}],"wp:attachment":[{"href":"https:\/\/www.sopha-sahara.com\/en\/wp-json\/wp\/v2\/media?parent=23278"}],"wp:term":[{"taxonomy":"product_cat","embeddable":true,"href":"https:\/\/www.sopha-sahara.com\/en\/wp-json\/wp\/v2\/product_cat?post=23278"},{"taxonomy":"product_tag","embeddable":true,"href":"https:\/\/www.sopha-sahara.com\/en\/wp-json\/wp\/v2\/product_tag?post=23278"}],"curies":[{"name":"wp","href":"https:\/\/api.w.org\/{rel}","templated":true}]}}