{"id":23277,"date":"2020-12-15T09:54:35","date_gmt":"2020-12-15T08:54:35","guid":{"rendered":"https:\/\/www.interbusinesschamber.com\/produit\/svr-physiopure-eau-micellaire-200-ml\/"},"modified":"2020-12-29T11:38:04","modified_gmt":"2020-12-29T10:38:04","slug":"svr-physiopure-eau-micellaire-200-ml","status":"publish","type":"product","link":"https:\/\/www.sopha-sahara.com\/en\/product\/svr-physiopure-eau-micellaire-200-ml\/","title":{"rendered":"SVR PHYSIOPURE EAU MICELLAIRE 200 ML"},"content":{"rendered":"","protected":false},"excerpt":{"rendered":"<p>SVR Physiopure Eau Micellaire Eau Nettoyante D\u00e9maquillante Puret\u00e9 Douceur est une eau micellaire pour le visage, les yeux et les l\u00e8vres, qui est sp\u00e9cialement formul\u00e9e pour le d\u00e9maquillage des peaux sensibles.\u00a0<\/p>\n<p>Cette eau micellaire est formul\u00e9e \u00e0 base de Magn\u00e9sium Oxyg\u00e9nant, et est id\u00e9ale pour d\u00e9maquiller et nettoyer le visage en un seul geste de tous les types de maquillage, m\u00eame waterproof. Elle \u00e9limine efficacement les impuret\u00e9s pour une peau nette et oxyg\u00e9n\u00e9e. Elle ne n\u00e9cessite aucun rin\u00e7age, une simple application \u00e0 l&rsquo;aide d&rsquo;un coton suffit.\u00a0<\/p>","protected":false},"featured_media":23355,"template":"","meta":{"arc_restricted_post":false},"product_cat":[48,332],"product_tag":[],"_links":{"self":[{"href":"https:\/\/www.sopha-sahara.com\/en\/wp-json\/wp\/v2\/product\/23277"}],"collection":[{"href":"https:\/\/www.sopha-sahara.com\/en\/wp-json\/wp\/v2\/product"}],"about":[{"href":"https:\/\/www.sopha-sahara.com\/en\/wp-json\/wp\/v2\/types\/product"}],"wp:featuredmedia":[{"embeddable":true,"href":"https:\/\/www.sopha-sahara.com\/en\/wp-json\/wp\/v2\/media\/23355"}],"wp:attachment":[{"href":"https:\/\/www.sopha-sahara.com\/en\/wp-json\/wp\/v2\/media?parent=23277"}],"wp:term":[{"taxonomy":"product_cat","embeddable":true,"href":"https:\/\/www.sopha-sahara.com\/en\/wp-json\/wp\/v2\/product_cat?post=23277"},{"taxonomy":"product_tag","embeddable":true,"href":"https:\/\/www.sopha-sahara.com\/en\/wp-json\/wp\/v2\/product_tag?post=23277"}],"curies":[{"name":"wp","href":"https:\/\/api.w.org\/{rel}","templated":true}]}}