{"id":23276,"date":"2020-12-15T09:54:34","date_gmt":"2020-12-15T08:54:34","guid":{"rendered":"https:\/\/www.interbusinesschamber.com\/produit\/svr-topialyse-baume-intensif-anti-recidive-48h-400ml\/"},"modified":"2020-12-29T10:56:36","modified_gmt":"2020-12-29T09:56:36","slug":"svr-topialyse-baume-intensif-anti-recidive-48h-400ml","status":"publish","type":"product","link":"https:\/\/www.sopha-sahara.com\/en\/product\/svr-topialyse-baume-intensif-anti-recidive-48h-400ml\/","title":{"rendered":"SVR TOPIALYSE &#8211; BAUME INTENSIF ANTI-R\u00c9CIDIVE 48H, 400ML"},"content":{"rendered":"","protected":false},"excerpt":{"rendered":"<p><strong>Soin relipidant<\/strong>\u00a0anti-irritations, s\u00e9cheresse et grattage s\u00e9v\u00e8res qui agit pendant 48h, sp\u00e9cialement con\u00e7u pour les\u00a0<strong>peaux s\u00e8ches \u00e0 atopiques<\/strong>.<\/p>\n<p>Convient aux b\u00e9b\u00e9s d\u00e8s la naissance (hors pr\u00e9matur\u00e9s), aux enfants et aux adultes. Hypoallerg\u00e9nique et test\u00e9 sous contr\u00f4le dermato-p\u00e9diatrique.<\/p>\n<p><strong>Le Baume Intensif Anti-R\u00e9cidive 48h de la gamme TOPIALYSE des laboratoires SVR<\/strong>\u00a0est un soin qui soulage imm\u00e9diatement et apaise durablement les sensations de d\u00e9mangeaisons et d&rsquo;irritations pour un confort quotidien retrouv\u00e9.<\/p>\n<p>Enrichi en om\u00e9ga 3, 6 et 9 ainsi qu&rsquo;en Niacinamide 4%, il poss\u00e8de une action anti-grattage efficace pendant 48h et une action anti-r\u00e9cidive.<\/p>\n<p>Sa texture est nourrissante et fondante, et son application est rapide, facile et ne laisse pas de fini gras, p\u00e9n\u00e9trant dans la peau instantan\u00e9ment. Il d\u00e9gage une odeur agr\u00e9able et d\u00e9licate.<\/p>\n<p>Sa formule minimaliste a \u00e9t\u00e9 con\u00e7ue pour une tol\u00e9rance optimale.<\/p>","protected":false},"featured_media":23382,"template":"","meta":{"arc_restricted_post":false},"product_cat":[48,332],"product_tag":[],"_links":{"self":[{"href":"https:\/\/www.sopha-sahara.com\/en\/wp-json\/wp\/v2\/product\/23276"}],"collection":[{"href":"https:\/\/www.sopha-sahara.com\/en\/wp-json\/wp\/v2\/product"}],"about":[{"href":"https:\/\/www.sopha-sahara.com\/en\/wp-json\/wp\/v2\/types\/product"}],"wp:featuredmedia":[{"embeddable":true,"href":"https:\/\/www.sopha-sahara.com\/en\/wp-json\/wp\/v2\/media\/23382"}],"wp:attachment":[{"href":"https:\/\/www.sopha-sahara.com\/en\/wp-json\/wp\/v2\/media?parent=23276"}],"wp:term":[{"taxonomy":"product_cat","embeddable":true,"href":"https:\/\/www.sopha-sahara.com\/en\/wp-json\/wp\/v2\/product_cat?post=23276"},{"taxonomy":"product_tag","embeddable":true,"href":"https:\/\/www.sopha-sahara.com\/en\/wp-json\/wp\/v2\/product_tag?post=23276"}],"curies":[{"name":"wp","href":"https:\/\/api.w.org\/{rel}","templated":true}]}}