{"id":23275,"date":"2020-12-15T09:54:32","date_gmt":"2020-12-15T08:54:32","guid":{"rendered":"https:\/\/www.interbusinesschamber.com\/produit\/svr-hydraliane-creme-riche-hydratante-intense-40-ml\/"},"modified":"2020-12-29T11:41:26","modified_gmt":"2020-12-29T10:41:26","slug":"svr-hydraliane-creme-riche-hydratante-intense-40-ml","status":"publish","type":"product","link":"https:\/\/www.sopha-sahara.com\/en\/product\/svr-hydraliane-creme-riche-hydratante-intense-40-ml\/","title":{"rendered":"SVR HYDRALIANE CR\u00c8ME RICHE HYDRATANTE INTENSE (40 ML)"},"content":{"rendered":"","protected":false},"excerpt":{"rendered":"<p>SVR Hydraliane Cr\u00e8me riche hydratante intense\u00a0<br \/>1est une cr\u00e8me hydratante intense qui convient aux peaux normales \u00e0 s\u00e8ches.\u00a0<\/p>\n<p>Cette cr\u00e8me procure \u00e0 votre peau un confort et une hydratation longue dur\u00e9e jusqu&rsquo;\u00e0 24h. Elle contient des actifs dermatologiques \u00e0 hautes doses tels que de l&rsquo;Eau Physio-adapt\u00e9e qui infuse en continue au c\u0153ur de votre peau l&rsquo;eau essentielle aux cellules. Elle contient \u00e9galement des sucres physiologiques qui permettent de fixer durablement l&rsquo;eau dans la peau.\u00a0<\/p>\n<p>Sa texture non-grasse, riche et soyeuse couvre votre peau pour un sublime fini velours.\u00a0<\/p>","protected":false},"featured_media":23415,"template":"","meta":{"arc_restricted_post":false},"product_cat":[48,332],"product_tag":[],"_links":{"self":[{"href":"https:\/\/www.sopha-sahara.com\/en\/wp-json\/wp\/v2\/product\/23275"}],"collection":[{"href":"https:\/\/www.sopha-sahara.com\/en\/wp-json\/wp\/v2\/product"}],"about":[{"href":"https:\/\/www.sopha-sahara.com\/en\/wp-json\/wp\/v2\/types\/product"}],"wp:featuredmedia":[{"embeddable":true,"href":"https:\/\/www.sopha-sahara.com\/en\/wp-json\/wp\/v2\/media\/23415"}],"wp:attachment":[{"href":"https:\/\/www.sopha-sahara.com\/en\/wp-json\/wp\/v2\/media?parent=23275"}],"wp:term":[{"taxonomy":"product_cat","embeddable":true,"href":"https:\/\/www.sopha-sahara.com\/en\/wp-json\/wp\/v2\/product_cat?post=23275"},{"taxonomy":"product_tag","embeddable":true,"href":"https:\/\/www.sopha-sahara.com\/en\/wp-json\/wp\/v2\/product_tag?post=23275"}],"curies":[{"name":"wp","href":"https:\/\/api.w.org\/{rel}","templated":true}]}}