{"id":23274,"date":"2020-12-15T09:54:32","date_gmt":"2020-12-15T08:54:32","guid":{"rendered":"https:\/\/www.interbusinesschamber.com\/produit\/svr-hydraliane-creme-legere-hydratante-intense-60-40-ml\/"},"modified":"2020-12-29T11:41:08","modified_gmt":"2020-12-29T10:41:08","slug":"svr-hydraliane-creme-legere-hydratante-intense-60-40-ml","status":"publish","type":"product","link":"https:\/\/www.sopha-sahara.com\/en\/product\/svr-hydraliane-creme-legere-hydratante-intense-60-40-ml\/","title":{"rendered":"SVR HYDRALIANE CR\u00c8ME L\u00c8G\u00c8RE HYDRATANTE INTENSE 60% 40 ML"},"content":{"rendered":"<p><strong>CONSEILS D'UTILISATION:<\/strong><\/p>\n<p>Appliquer matin et\/ou soir sur le visage et le cou.<\/p>\n<p>Excellente base de maquillage.<\/p>","protected":false},"excerpt":{"rendered":"<p>Hydraliane Cr\u00e8me Hydratante Intense L\u00e9g\u00e8re 40 ml\u00a0de\u00a0SVR\u00a0est une\u00a0soin visage hydratant pour les normales \u00e0 mixtes.<\/p>\n<p>Le 1er concentr\u00e9 d&rsquo;hydratation qui infuse votre peau en continu.<\/p>\n<p>Formul\u00e9e avec 60% d&rsquo;eau physio-adapt\u00e9e elle va vous apporter\u00a024 heures d&rsquo;hydratation, de confort et d&rsquo;\u00e9clat.<\/p>\n<p>Avec un texture l\u00e9g\u00e8re, non grasse pour un fini velout\u00e9 sur votre peau.<\/p>\n<p>Une\u00a0cr\u00e8me hydratante intense est d\u00e9di\u00e9e aux peaux normales \u00e0 mixtes.<\/p>","protected":false},"featured_media":23414,"template":"","meta":{"arc_restricted_post":false},"product_cat":[48,332],"product_tag":[],"_links":{"self":[{"href":"https:\/\/www.sopha-sahara.com\/en\/wp-json\/wp\/v2\/product\/23274"}],"collection":[{"href":"https:\/\/www.sopha-sahara.com\/en\/wp-json\/wp\/v2\/product"}],"about":[{"href":"https:\/\/www.sopha-sahara.com\/en\/wp-json\/wp\/v2\/types\/product"}],"wp:featuredmedia":[{"embeddable":true,"href":"https:\/\/www.sopha-sahara.com\/en\/wp-json\/wp\/v2\/media\/23414"}],"wp:attachment":[{"href":"https:\/\/www.sopha-sahara.com\/en\/wp-json\/wp\/v2\/media?parent=23274"}],"wp:term":[{"taxonomy":"product_cat","embeddable":true,"href":"https:\/\/www.sopha-sahara.com\/en\/wp-json\/wp\/v2\/product_cat?post=23274"},{"taxonomy":"product_tag","embeddable":true,"href":"https:\/\/www.sopha-sahara.com\/en\/wp-json\/wp\/v2\/product_tag?post=23274"}],"curies":[{"name":"wp","href":"https:\/\/api.w.org\/{rel}","templated":true}]}}