{"id":23273,"date":"2020-12-15T09:54:32","date_gmt":"2020-12-15T08:54:32","guid":{"rendered":"https:\/\/www.interbusinesschamber.com\/produit\/svr-spirial-creme-50ml-transpiration-normale-a-excessive\/"},"modified":"2020-12-29T11:01:21","modified_gmt":"2020-12-29T10:01:21","slug":"svr-spirial-creme-50ml-transpiration-normale-a-excessive","status":"publish","type":"product","link":"https:\/\/www.sopha-sahara.com\/en\/product\/svr-spirial-creme-50ml-transpiration-normale-a-excessive\/","title":{"rendered":"SVR SPIRIAL CREME 50ML TRANSPIRATION NORMALE \u00c0 EXCESSIVE"},"content":{"rendered":"<p><strong>UTILISATION:<\/strong>\u00a0<\/p>\n<p>Appliquer quotidiennement le matin en massant, sur une peau propre au niveau des pieds, des mains et des plis. Le d\u00f4me applicateur permet une utilisation pratique au niveau des aisselles.\u00a0<\/p>\n<p><strong>COMPOSITION:<\/strong>\u00a0<\/p>\n<p>Emulsions H\/E. Hydroxychlorure d\u2019aluminium 9%. Glyc\u00e9rol.<\/p>","protected":false},"excerpt":{"rendered":"<p>SVR Spirial Cr\u00e8me Sudor\u00e9gulateur intense de la transpiration normale ou excessive, pr\u00e9vient la formation d\u2019odeurs au niveau des aisselles, des pieds, des mains, des plis et du visage.\u00a0<br \/>Texture ultra l\u00e9g\u00e8re qui ne colle pas, ne tache pas.\u00a0<br \/>Formule haute tol\u00e9rance, sans paraben, sans parfum, sans alcool, sans propyl\u00e8ne glycol adapt\u00e9e \u00e0 une utilisation quotidienne sur peaux sensibles.\u00a0<\/p>","protected":false},"featured_media":23378,"template":"","meta":{"arc_restricted_post":false},"product_cat":[48,332],"product_tag":[],"_links":{"self":[{"href":"https:\/\/www.sopha-sahara.com\/en\/wp-json\/wp\/v2\/product\/23273"}],"collection":[{"href":"https:\/\/www.sopha-sahara.com\/en\/wp-json\/wp\/v2\/product"}],"about":[{"href":"https:\/\/www.sopha-sahara.com\/en\/wp-json\/wp\/v2\/types\/product"}],"wp:featuredmedia":[{"embeddable":true,"href":"https:\/\/www.sopha-sahara.com\/en\/wp-json\/wp\/v2\/media\/23378"}],"wp:attachment":[{"href":"https:\/\/www.sopha-sahara.com\/en\/wp-json\/wp\/v2\/media?parent=23273"}],"wp:term":[{"taxonomy":"product_cat","embeddable":true,"href":"https:\/\/www.sopha-sahara.com\/en\/wp-json\/wp\/v2\/product_cat?post=23273"},{"taxonomy":"product_tag","embeddable":true,"href":"https:\/\/www.sopha-sahara.com\/en\/wp-json\/wp\/v2\/product_tag?post=23273"}],"curies":[{"name":"wp","href":"https:\/\/api.w.org\/{rel}","templated":true}]}}