{"id":23272,"date":"2020-12-15T09:54:32","date_gmt":"2020-12-15T08:54:32","guid":{"rendered":"https:\/\/www.interbusinesschamber.com\/produit\/svr-sun-secure-ecran-mineral-teinte-spf50-creme-peaux-seches-50ml\/"},"modified":"2020-12-29T10:57:37","modified_gmt":"2020-12-29T09:57:37","slug":"svr-sun-secure-ecran-mineral-teinte-spf50-creme-peaux-seches-50ml","status":"publish","type":"product","link":"https:\/\/www.sopha-sahara.com\/en\/product\/svr-sun-secure-ecran-mineral-teinte-spf50-creme-peaux-seches-50ml\/","title":{"rendered":"SVR SUN SECURE \u00c9CRAN MIN\u00c9RAL TEINT\u00c9 SPF50+ CR\u00c8ME PEAUX S\u00c9CHES 50ML"},"content":{"rendered":"<p><strong>R\u00c9SULTATS :<\/strong><\/p>\n<p>95% Bonne couvrance, R\u00e9siste aux frottements, Camoufle les imperfections*<br \/>90% Ne laisse pas la peau brillante*<br \/>85% volontaires convaincus*<\/p>\n<p>*SVR, SUN SECURE \u00c9cran Min\u00e9ral Teint\u00e9 SPF50+ Cr\u00e8me toucher sec peaux normales \u00e0 mixtes, test d\u2019usage 20 volontaires, 28 jours, % satisfaction<\/p>\n<p>&nbsp;<\/p>\n<p><strong>CONSEILS D'UTILISATION :<\/strong><\/p>\n<p>Avant de s\u2019exposer au soleil, appliquer une dose suffisante et homog\u00e8ne pour couvrir le visage. Renouveler fr\u00e9quemment l\u2019application. Lire attentivement la notice.<\/p>","protected":false},"excerpt":{"rendered":"<p>SUN SECURE \u00c9cran Min\u00e9ral Teint\u00e9 SPF50+ est un soin tr\u00e8s haute protection 100% min\u00e9rale. Il convient aux peaux intol\u00e9rantes mais aussi aux femmes qui souhaitent se maquiller au soleil toute l\u2019ann\u00e9e. Gr\u00e2ce \u00e0 sa bonne couvrance, les imperfections sont camoufl\u00e9es, le teint unifi\u00e9 toute la journ\u00e9e. Il existe en deux versions : cr\u00e8me toucher sec peaux normales \u00e0 mixtes et cr\u00e8me confort peaux s\u00e8ches \u00e0 tr\u00e8s s\u00e8ches. Gr\u00e2ce \u00e0 sa teinte universelle, il convient \u00e0 toutes les carnations. Ce soin r\u00e9siste \u00e0 l\u2019eau, \u00e0 la transpiration et aux frottements pour une protection optimale.<\/p>","protected":false},"featured_media":23381,"template":"","meta":{"arc_restricted_post":false},"product_cat":[48,332],"product_tag":[],"_links":{"self":[{"href":"https:\/\/www.sopha-sahara.com\/en\/wp-json\/wp\/v2\/product\/23272"}],"collection":[{"href":"https:\/\/www.sopha-sahara.com\/en\/wp-json\/wp\/v2\/product"}],"about":[{"href":"https:\/\/www.sopha-sahara.com\/en\/wp-json\/wp\/v2\/types\/product"}],"wp:featuredmedia":[{"embeddable":true,"href":"https:\/\/www.sopha-sahara.com\/en\/wp-json\/wp\/v2\/media\/23381"}],"wp:attachment":[{"href":"https:\/\/www.sopha-sahara.com\/en\/wp-json\/wp\/v2\/media?parent=23272"}],"wp:term":[{"taxonomy":"product_cat","embeddable":true,"href":"https:\/\/www.sopha-sahara.com\/en\/wp-json\/wp\/v2\/product_cat?post=23272"},{"taxonomy":"product_tag","embeddable":true,"href":"https:\/\/www.sopha-sahara.com\/en\/wp-json\/wp\/v2\/product_tag?post=23272"}],"curies":[{"name":"wp","href":"https:\/\/api.w.org\/{rel}","templated":true}]}}