{"id":23271,"date":"2020-12-15T09:54:31","date_gmt":"2020-12-15T08:54:31","guid":{"rendered":"https:\/\/www.interbusinesschamber.com\/produit\/svr-ampoule-anti-ox-c-30-ml\/"},"modified":"2020-12-29T12:06:53","modified_gmt":"2020-12-29T11:06:53","slug":"svr-ampoule-anti-ox-c-30-ml","status":"publish","type":"product","link":"https:\/\/www.sopha-sahara.com\/en\/product\/svr-ampoule-anti-ox-c-30-ml\/","title":{"rendered":"SVR AMPOULE ANTI-OX C 30 ML"},"content":{"rendered":"","protected":false},"excerpt":{"rendered":"<p>Le quotidien, le rythme de vie et les ann\u00e9es qui passent se refl\u00e8tent sur le visage et le teint. C\u2019est pourquoi le\u00a0<strong>laboratoire SVR<\/strong>\u00a0a \u00e9labor\u00e9\u00a0<strong>l\u2019Ampoule Anti-Ox C<\/strong>\u00a0dos\u00e9e \u00e0\u00a0<strong>20% de vitamine C<\/strong>\u00a0optimis\u00e9e pour apporter de l\u2019\u00e9clat aux peaux fatigu\u00e9es.<\/p>\n<p>Ce\u00a0<strong>s\u00e9rum<\/strong>\u00a0est hautement concentr\u00e9 en\u00a0<strong>vitamine C<\/strong>\u00a0qui poss\u00e8de de nombreuses propri\u00e9t\u00e9s<strong>\u00a0anti-\u00e2ge<\/strong>\u00a0et\u00a0<strong>antioxydant.<\/strong>\u00a0Ce principe actif va stimuler la production de\u00a0<strong>collag\u00e8ne<\/strong>\u00a0et d\u2019<strong>\u00e9lastine<\/strong>\u00a0et va relancer l\u2019action des fibroblastes afin de maintenir la densit\u00e9 de la peau.<br \/>De plus, cet actif\u00a0<strong>antioxydant<\/strong>\u00a0va prot\u00e9ger les cellules des d\u00e9g\u00e2ts caus\u00e9s par les radicaux libres responsables de l\u2019alt\u00e9ration cutan\u00e9e.<br \/><strong>La vitamine C<\/strong>\u00a0offre une action\u00a0<strong>\u00e9claircissante<\/strong>\u00a0en diminuant la production de m\u00e9lanine afin d\u2019att\u00e9nuer les taches pigmentaires et\u00a0<strong>le teint terne en lui redonnant de l&rsquo;\u00e9clat<\/strong>.<\/p>\n<p><strong>L\u2019acide hyaluronique<\/strong>\u00a0permet d\u2019hydrater en surface afin d\u2019\u00e9quilibrer le film hydrolipidique et p\u00e9n\u00e8tre en profondeur jusqu\u2019au derme pour\u00a0<strong>redensifier<\/strong>\u00a0et\u00a0<strong>repulper<\/strong>\u00a0le derme, lissant ainsi les rides.<\/p>\n<p><strong>L\u2019ur\u00e9e<\/strong>\u00a0est \u00e9galement un principe actif ultra hydratant dou\u00e9 d\u2019une forte capacit\u00e9 de p\u00e9n\u00e9tration et d\u2019une action\u00a0<strong>k\u00e9ratolytique,<\/strong>\u00a0lissant le grain de peau.<\/p>\n<p>Gr\u00e2ce \u00e0\u00a0<strong>l\u2019Ampoule Anti-Ox C de SVR<\/strong>, la peau r\u00e9v\u00e8le tout son\u00a0<strong>\u00e9clat<\/strong>\u00a0et r\u00e9duit les signes de fatigue. La peau est\u00a0<strong>tonifi\u00e9e<\/strong>\u00a0et le visage est \u00e9clatant de vitalit\u00e9.<\/p>","protected":false},"featured_media":23328,"template":"","meta":{"arc_restricted_post":false},"product_cat":[48,332],"product_tag":[],"_links":{"self":[{"href":"https:\/\/www.sopha-sahara.com\/en\/wp-json\/wp\/v2\/product\/23271"}],"collection":[{"href":"https:\/\/www.sopha-sahara.com\/en\/wp-json\/wp\/v2\/product"}],"about":[{"href":"https:\/\/www.sopha-sahara.com\/en\/wp-json\/wp\/v2\/types\/product"}],"wp:featuredmedia":[{"embeddable":true,"href":"https:\/\/www.sopha-sahara.com\/en\/wp-json\/wp\/v2\/media\/23328"}],"wp:attachment":[{"href":"https:\/\/www.sopha-sahara.com\/en\/wp-json\/wp\/v2\/media?parent=23271"}],"wp:term":[{"taxonomy":"product_cat","embeddable":true,"href":"https:\/\/www.sopha-sahara.com\/en\/wp-json\/wp\/v2\/product_cat?post=23271"},{"taxonomy":"product_tag","embeddable":true,"href":"https:\/\/www.sopha-sahara.com\/en\/wp-json\/wp\/v2\/product_tag?post=23271"}],"curies":[{"name":"wp","href":"https:\/\/api.w.org\/{rel}","templated":true}]}}