{"id":23270,"date":"2020-12-15T09:54:31","date_gmt":"2020-12-15T08:54:31","guid":{"rendered":"https:\/\/www.interbusinesschamber.com\/produit\/svr-topialyse-huile-lavante-400ml\/"},"modified":"2020-12-29T12:22:11","modified_gmt":"2020-12-29T11:22:11","slug":"svr-topialyse-huile-lavante-400ml","status":"publish","type":"product","link":"https:\/\/www.sopha-sahara.com\/en\/product\/svr-topialyse-huile-lavante-400ml\/","title":{"rendered":"SVR TOPIALYSE HUILE LAVANTE 400ML"},"content":{"rendered":"<p>La formule de l'huile lavante micellaire a \u00e9t\u00e9 sp\u00e9cialement formul\u00e9 afin d'\u00eatre<strong>\u00a0parfaitement tol\u00e9r\u00e9e par tous les types de peaux<\/strong>\u00a0m\u00eame les plus sensibles. En effet, l'huile lavante micellaire Topialyse est hypoallerg\u00e9nique afin de minimiser au maximum les r\u00e9actions allergiques et son pH physiologique, proche de celui du corps, respecte l'\u00e9quilibre naturel de votre flore cutan\u00e9e.\u00a0<\/p>\n<p>La texture huile du soin SVR Topialyse \u00e0 l'avantage d'\u00eatre naturellement riche et douce pour la peau afin de la nourrir et de\u00a0<strong>maintenir son hydratation pendant 24 heures<\/strong>. L'huile lavante micellaire Topialyse poss\u00e8de une texture soyeuse qui vous procure un r\u00e9el confort lors de l'application tout en d\u00e9posant sur votre peau une d\u00e9licate odeur.\u00a0<br \/>\u00a0<\/p>\n<p><strong>San<em>s savon - sans sulfate - sans conservateur - sans paraben<\/em><\/strong><\/p>","protected":false},"excerpt":{"rendered":"<p><strong>L&rsquo;huile lavante micellaire Topialyse<\/strong>\u00a0a \u00e9t\u00e9 mise au point par les Laboratoires SVR afin de nettoyer en douceur\u00a0<strong>les peaux s\u00e8ches et atopiques<\/strong>\u00a0des adultes mais \u00e9galement des enfants et des nourrissons.\u00a0\u00a0<\/p>\n<p>Concentr\u00e9e en actifs<strong>\u00a0hydratants et relipidants<\/strong>\u00a0et ainsi qu&rsquo;en niacinamide aux propri\u00e9t\u00e9s\u00a0<strong>apaisante et anti-irritations<\/strong>, l&rsquo;huile lavante micellaire Topialyse apaise instantan\u00e9ment les peaux les plus atopiques de leurs d\u00e9mangeaisons et sensations de tiraillement.\u00a0<\/p>","protected":false},"featured_media":23391,"template":"","meta":{"arc_restricted_post":false},"product_cat":[48,332],"product_tag":[],"_links":{"self":[{"href":"https:\/\/www.sopha-sahara.com\/en\/wp-json\/wp\/v2\/product\/23270"}],"collection":[{"href":"https:\/\/www.sopha-sahara.com\/en\/wp-json\/wp\/v2\/product"}],"about":[{"href":"https:\/\/www.sopha-sahara.com\/en\/wp-json\/wp\/v2\/types\/product"}],"wp:featuredmedia":[{"embeddable":true,"href":"https:\/\/www.sopha-sahara.com\/en\/wp-json\/wp\/v2\/media\/23391"}],"wp:attachment":[{"href":"https:\/\/www.sopha-sahara.com\/en\/wp-json\/wp\/v2\/media?parent=23270"}],"wp:term":[{"taxonomy":"product_cat","embeddable":true,"href":"https:\/\/www.sopha-sahara.com\/en\/wp-json\/wp\/v2\/product_cat?post=23270"},{"taxonomy":"product_tag","embeddable":true,"href":"https:\/\/www.sopha-sahara.com\/en\/wp-json\/wp\/v2\/product_tag?post=23270"}],"curies":[{"name":"wp","href":"https:\/\/api.w.org\/{rel}","templated":true}]}}